{"id":6663,"date":"2022-01-03T14:31:13","date_gmt":"2022-01-03T11:31:13","guid":{"rendered":"https:\/\/alfadestek.com\/elibolmakina\/?page_id=6663"},"modified":"2023-04-29T23:00:17","modified_gmt":"2023-04-29T20:00:17","slug":"emulsiyon-plenti","status":"publish","type":"page","link":"https:\/\/www.elibolasfalt.com.tr\/?page_id=6663","title":{"rendered":"Em\u00fclsiyon Plenti"},"content":{"rendered":"\t\t<div data-elementor-type=\"wp-page\" data-elementor-id=\"6663\" class=\"elementor elementor-6663\" data-elementor-settings=\"[]\">\n\t\t\t\t\t\t\t<div class=\"elementor-section-wrap\">\n\t\t\t\t\t        <section class=\"elementor-section elementor-top-section elementor-element elementor-element-920413c elementor-section-boxed elementor-section-height-default elementor-section-height-default\" data-id=\"920413c\" data-element_type=\"section\">\n            \n                        <div class=\"elementor-container elementor-column-gap-default \">\n                    <div class=\"elementor-column elementor-col-100 elementor-top-column elementor-element elementor-element-196f596\" data-id=\"196f596\" data-element_type=\"column\">\n            <div class=\"elementor-widget-wrap elementor-element-populated\">\n                        \t\t<div class=\"elementor-element elementor-element-1241fb3 elementor-widget elementor-widget-image-gallery\" data-id=\"1241fb3\" data-element_type=\"widget\" data-widget_type=\"image-gallery.default\">\n\t\t\t\t<div class=\"elementor-widget-container\">\n\t\t\t\t\t<div class=\"elementor-image-gallery\">\n\t\t\t<div id='gallery-1' class='gallery galleryid-6663 gallery-columns-4 gallery-size-intime-medium'><figure class='gallery-item'>\n\t\t\t<div class='gallery-icon landscape'>\n\t\t\t\t<a data-elementor-open-lightbox=\"yes\" data-elementor-lightbox-slideshow=\"1241fb3\" href='https:\/\/www.elibolasfalt.com.tr\/wp-content\/uploads\/2022\/01\/20140926_115413seffaf.png'><img width=\"600\" height=\"450\" src=\"https:\/\/www.elibolasfalt.com.tr\/wp-content\/uploads\/2022\/01\/20140926_115413seffaf-600x450.png\" class=\"attachment-intime-medium size-intime-medium\" alt=\"\" srcset=\"https:\/\/www.elibolasfalt.com.tr\/wp-content\/uploads\/2022\/01\/20140926_115413seffaf-600x450.png 600w, https:\/\/www.elibolasfalt.com.tr\/wp-content\/uploads\/2022\/01\/20140926_115413seffaf-300x225.png 300w, https:\/\/www.elibolasfalt.com.tr\/wp-content\/uploads\/2022\/01\/20140926_115413seffaf-768x576.png 768w, https:\/\/www.elibolasfalt.com.tr\/wp-content\/uploads\/2022\/01\/20140926_115413seffaf.png 800w\" sizes=\"(max-width: 600px) 100vw, 600px\" \/><\/a>\n\t\t\t<\/div><\/figure><figure class='gallery-item'>\n\t\t\t<div class='gallery-icon landscape'>\n\t\t\t\t<a data-elementor-open-lightbox=\"yes\" data-elementor-lightbox-slideshow=\"1241fb3\" href='https:\/\/www.elibolasfalt.com.tr\/wp-content\/uploads\/2022\/01\/20140926_161028-temizle-1.jpg'><img width=\"600\" height=\"450\" src=\"https:\/\/www.elibolasfalt.com.tr\/wp-content\/uploads\/2022\/01\/20140926_161028-temizle-1-600x450.jpg\" class=\"attachment-intime-medium size-intime-medium\" alt=\"\" srcset=\"https:\/\/www.elibolasfalt.com.tr\/wp-content\/uploads\/2022\/01\/20140926_161028-temizle-1-600x450.jpg 600w, https:\/\/www.elibolasfalt.com.tr\/wp-content\/uploads\/2022\/01\/20140926_161028-temizle-1-300x225.jpg 300w, https:\/\/www.elibolasfalt.com.tr\/wp-content\/uploads\/2022\/01\/20140926_161028-temizle-1-768x576.jpg 768w, https:\/\/www.elibolasfalt.com.tr\/wp-content\/uploads\/2022\/01\/20140926_161028-temizle-1.jpg 800w\" sizes=\"(max-width: 600px) 100vw, 600px\" \/><\/a>\n\t\t\t<\/div><\/figure>\n\t\t<\/div>\n\t\t<\/div>\n\t\t\t\t<\/div>\n\t\t\t\t<\/div>\n\t\t            <\/div>\n        <\/div>\n                            <\/div>\n        <\/section>\n                <section class=\"elementor-section elementor-top-section elementor-element elementor-element-57b518c elementor-section-boxed elementor-section-height-default elementor-section-height-default\" data-id=\"57b518c\" data-element_type=\"section\">\n            \n                        <div class=\"elementor-container elementor-column-gap-default \">\n                    <div class=\"elementor-column elementor-col-100 elementor-top-column elementor-element elementor-element-c3262ce\" data-id=\"c3262ce\" data-element_type=\"column\">\n            <div class=\"elementor-widget-wrap elementor-element-populated\">\n                        \t\t<div class=\"elementor-element elementor-element-9ca52c1 elementor-widget elementor-widget-text-editor\" data-id=\"9ca52c1\" data-element_type=\"widget\" data-widget_type=\"text-editor.default\">\n\t\t\t\t<div class=\"elementor-widget-container\">\n\t\t\t\t\t\t\t<p>\u00d6zel tasar\u0131m em\u00fclsiyon de\u011firmenine sahip\u00a0, 4 \u2013 20 ton\/saat kapasite aral\u0131\u011f\u0131nda se\u00e7ilebilir. Her hat i\u00e7in kullan\u0131lan debimetreler sayesinde, istenilen re\u00e7eteye uygun kesin oranlarla bir kar\u0131\u015f\u0131m elde edilir. Bunkersiz tasar\u0131m\u0131 sayesinde konteyner tipine uygundur ve saha i\u00e7inde kullan\u0131ma haz\u0131r \u015fekilde nakliye edilir.<\/p><ul><li>Vimpo \u00fcretimi 30 kW, 10 m3\/sa debiye sahip, bosluk ayarlamal\u0131 (0.2 \u2013 3 mm) koloidal de\u011firmen.<\/li><li>Paslanmaz \u00e7elikten elektrik \u0131s\u0131tmal\u0131 SAE (Su + Asit + Em\u00fclgat\u00f6r) tank\u0131.<\/li><li>Kompakt ve bunkersiz tasar\u0131ma uygun, paslanmaz, debimetreli asit ve em\u00fclgat\u00f6r dozajl\u0131ma sistemi.<\/li><li>Kolay nakliye ve kur \u00e7al\u0131st\u0131r imkan\u0131 sa\u011flayan, konteyner tipi kompakt tasar\u0131m (20\u2019 DC konteyner ile nakliye imkan\u0131).<\/li><li>Kontrol paneline g\u00f6m\u00fcl\u00fc dokunmatik ekranl\u0131 PLC kontrol sistemi.<\/li><li>Opsiyonel; entegre bit\u00fcm tank\u0131<\/li><li>Opsiyonel K\u0131zg\u0131n Ya\u011f Is\u0131tma Sistemi.<\/li><li>K\u00f6p\u00fcrme engelleyici kollekt\u00f6r.<\/li><li>Loadcell kullan\u0131lan tart\u0131m sistemi ile ger\u00e7ek asit ve em\u00fclgat\u00f6r tart\u0131m\u0131.<\/li><li>Varil tipi HCI aside dayan\u0131kl\u0131 asit pompas\u0131.<\/li><li>Di\u015fli tip y\u00fcksek viskoziteli em\u00fclgat\u00f6r pompas\u0131.<\/li><li>Paslanmaz \u00c7\u00f6zelti Tank\u0131<\/li><\/ul>\t\t\t\t\t\t<\/div>\n\t\t\t\t<\/div>\n\t\t            <\/div>\n        <\/div>\n                            <\/div>\n        <\/section>\n        \t\t\t\t<\/div>\n\t\t\t\t\t<\/div>\n\t\t","protected":false},"excerpt":{"rendered":"<p>\u00d6zel tasar\u0131m em\u00fclsiyon de\u011firmenine sahip\u00a0, 4 \u2013 20 ton\/saat kapasite aral\u0131\u011f\u0131nda se\u00e7ilebilir. Her hat i\u00e7in kullan\u0131lan debimetreler sayesinde, istenilen re\u00e7eteye uygun kesin oranlarla bir kar\u0131\u015f\u0131m elde edilir. Bunkersiz tasar\u0131m\u0131 sayesinde konteyner tipine uygundur ve saha i\u00e7inde kullan\u0131ma haz\u0131r \u015fekilde nakliye edilir. Vimpo \u00fcretimi 30 kW, 10 m3\/sa debiye sahip, bosluk ayarlamal\u0131 (0.2 \u2013 3 mm) [&hellip;]<\/p>\n","protected":false},"author":1,"featured_media":0,"parent":6647,"menu_order":0,"comment_status":"closed","ping_status":"closed","template":"","meta":[],"_links":{"self":[{"href":"https:\/\/www.elibolasfalt.com.tr\/index.php?rest_route=\/wp\/v2\/pages\/6663"}],"collection":[{"href":"https:\/\/www.elibolasfalt.com.tr\/index.php?rest_route=\/wp\/v2\/pages"}],"about":[{"href":"https:\/\/www.elibolasfalt.com.tr\/index.php?rest_route=\/wp\/v2\/types\/page"}],"author":[{"embeddable":true,"href":"https:\/\/www.elibolasfalt.com.tr\/index.php?rest_route=\/wp\/v2\/users\/1"}],"replies":[{"embeddable":true,"href":"https:\/\/www.elibolasfalt.com.tr\/index.php?rest_route=%2Fwp%2Fv2%2Fcomments&post=6663"}],"version-history":[{"count":13,"href":"https:\/\/www.elibolasfalt.com.tr\/index.php?rest_route=\/wp\/v2\/pages\/6663\/revisions"}],"predecessor-version":[{"id":7063,"href":"https:\/\/www.elibolasfalt.com.tr\/index.php?rest_route=\/wp\/v2\/pages\/6663\/revisions\/7063"}],"up":[{"embeddable":true,"href":"https:\/\/www.elibolasfalt.com.tr\/index.php?rest_route=\/wp\/v2\/pages\/6647"}],"wp:attachment":[{"href":"https:\/\/www.elibolasfalt.com.tr\/index.php?rest_route=%2Fwp%2Fv2%2Fmedia&parent=6663"}],"curies":[{"name":"wp","href":"https:\/\/api.w.org\/{rel}","templated":true}]}}