{"id":6659,"date":"2022-01-03T14:31:01","date_gmt":"2022-01-03T11:31:01","guid":{"rendered":"https:\/\/alfadestek.com\/elibolmakina\/?page_id=6659"},"modified":"2023-04-29T22:59:53","modified_gmt":"2023-04-29T19:59:53","slug":"asfalt-plenti","status":"publish","type":"page","link":"https:\/\/www.elibolasfalt.com.tr\/?page_id=6659","title":{"rendered":"Asfalt Plenti"},"content":{"rendered":"\t\t<div data-elementor-type=\"wp-page\" data-elementor-id=\"6659\" class=\"elementor elementor-6659\" data-elementor-settings=\"[]\">\n\t\t\t\t\t\t\t<div class=\"elementor-section-wrap\">\n\t\t\t\t\t        <section class=\"elementor-section elementor-top-section elementor-element elementor-element-d8505ef elementor-section-boxed elementor-section-height-default elementor-section-height-default\" data-id=\"d8505ef\" data-element_type=\"section\">\n            \n                        <div class=\"elementor-container elementor-column-gap-default \">\n                    <div class=\"elementor-column elementor-col-100 elementor-top-column elementor-element elementor-element-8ad36c9\" data-id=\"8ad36c9\" data-element_type=\"column\">\n            <div class=\"elementor-widget-wrap elementor-element-populated\">\n                        \t\t<div class=\"elementor-element elementor-element-f5afeb4 elementor-widget elementor-widget-image-gallery\" data-id=\"f5afeb4\" data-element_type=\"widget\" data-widget_type=\"image-gallery.default\">\n\t\t\t\t<div class=\"elementor-widget-container\">\n\t\t\t\t\t<div class=\"elementor-image-gallery\">\n\t\t\t<div id='gallery-1' class='gallery galleryid-6659 gallery-columns-4 gallery-size-intime-medium'><figure class='gallery-item'>\n\t\t\t<div class='gallery-icon landscape'>\n\t\t\t\t<a data-elementor-open-lightbox=\"yes\" data-elementor-lightbox-slideshow=\"f5afeb4\" href='https:\/\/www.elibolasfalt.com.tr\/wp-content\/uploads\/2022\/01\/a71c3c93-7e50-45ee-a69e-db8c3b2a9363-temizlik.jpg'><img width=\"600\" height=\"450\" src=\"https:\/\/www.elibolasfalt.com.tr\/wp-content\/uploads\/2022\/01\/a71c3c93-7e50-45ee-a69e-db8c3b2a9363-temizlik-600x450.jpg\" class=\"attachment-intime-medium size-intime-medium\" alt=\"\" srcset=\"https:\/\/www.elibolasfalt.com.tr\/wp-content\/uploads\/2022\/01\/a71c3c93-7e50-45ee-a69e-db8c3b2a9363-temizlik-600x450.jpg 600w, https:\/\/www.elibolasfalt.com.tr\/wp-content\/uploads\/2022\/01\/a71c3c93-7e50-45ee-a69e-db8c3b2a9363-temizlik-300x225.jpg 300w, https:\/\/www.elibolasfalt.com.tr\/wp-content\/uploads\/2022\/01\/a71c3c93-7e50-45ee-a69e-db8c3b2a9363-temizlik-768x576.jpg 768w, https:\/\/www.elibolasfalt.com.tr\/wp-content\/uploads\/2022\/01\/a71c3c93-7e50-45ee-a69e-db8c3b2a9363-temizlik.jpg 1010w\" sizes=\"(max-width: 600px) 100vw, 600px\" \/><\/a>\n\t\t\t<\/div><\/figure><figure class='gallery-item'>\n\t\t\t<div class='gallery-icon landscape'>\n\t\t\t\t<a data-elementor-open-lightbox=\"yes\" data-elementor-lightbox-slideshow=\"f5afeb4\" href='https:\/\/www.elibolasfalt.com.tr\/wp-content\/uploads\/2022\/01\/Basliksiz_Panorama1a-temizlik-scaled.jpg'><img width=\"600\" height=\"450\" src=\"https:\/\/www.elibolasfalt.com.tr\/wp-content\/uploads\/2022\/01\/Basliksiz_Panorama1a-temizlik-600x450.jpg\" class=\"attachment-intime-medium size-intime-medium\" alt=\"\" \/><\/a>\n\t\t\t<\/div><\/figure><figure class='gallery-item'>\n\t\t\t<div class='gallery-icon landscape'>\n\t\t\t\t<a data-elementor-open-lightbox=\"yes\" data-elementor-lightbox-slideshow=\"f5afeb4\" href='https:\/\/www.elibolasfalt.com.tr\/wp-content\/uploads\/2022\/01\/CIMG2914-renk-temizlik-scaled.jpg'><img width=\"600\" height=\"450\" src=\"https:\/\/www.elibolasfalt.com.tr\/wp-content\/uploads\/2022\/01\/CIMG2914-renk-temizlik-600x450.jpg\" class=\"attachment-intime-medium size-intime-medium\" alt=\"\" \/><\/a>\n\t\t\t<\/div><\/figure><figure class='gallery-item'>\n\t\t\t<div class='gallery-icon landscape'>\n\t\t\t\t<a data-elementor-open-lightbox=\"yes\" data-elementor-lightbox-slideshow=\"f5afeb4\" href='https:\/\/www.elibolasfalt.com.tr\/wp-content\/uploads\/2022\/01\/da5c0ac2-c067-4ba0-b5d2-4b600b99b7d2-temizlik-renk-1.jpg'><img width=\"600\" height=\"450\" src=\"https:\/\/www.elibolasfalt.com.tr\/wp-content\/uploads\/2022\/01\/da5c0ac2-c067-4ba0-b5d2-4b600b99b7d2-temizlik-renk-1-600x450.jpg\" class=\"attachment-intime-medium size-intime-medium\" alt=\"\" \/><\/a>\n\t\t\t<\/div><\/figure><figure class='gallery-item'>\n\t\t\t<div class='gallery-icon landscape'>\n\t\t\t\t<a data-elementor-open-lightbox=\"yes\" data-elementor-lightbox-slideshow=\"f5afeb4\" href='https:\/\/www.elibolasfalt.com.tr\/wp-content\/uploads\/2022\/01\/DSC_0201temizlenecek-scaled.jpg'><img width=\"600\" height=\"450\" src=\"https:\/\/www.elibolasfalt.com.tr\/wp-content\/uploads\/2022\/01\/DSC_0201temizlenecek-600x450.jpg\" class=\"attachment-intime-medium size-intime-medium\" alt=\"\" \/><\/a>\n\t\t\t<\/div><\/figure><figure class='gallery-item'>\n\t\t\t<div class='gallery-icon landscape'>\n\t\t\t\t<a data-elementor-open-lightbox=\"yes\" data-elementor-lightbox-slideshow=\"f5afeb4\" href='https:\/\/www.elibolasfalt.com.tr\/wp-content\/uploads\/2022\/01\/f4c34272-5dac-41d9-9019-cf9e66144ce6-kadraj-temizlik.jpg'><img width=\"600\" height=\"450\" src=\"https:\/\/www.elibolasfalt.com.tr\/wp-content\/uploads\/2022\/01\/f4c34272-5dac-41d9-9019-cf9e66144ce6-kadraj-temizlik-600x450.jpg\" class=\"attachment-intime-medium size-intime-medium\" alt=\"\" srcset=\"https:\/\/www.elibolasfalt.com.tr\/wp-content\/uploads\/2022\/01\/f4c34272-5dac-41d9-9019-cf9e66144ce6-kadraj-temizlik-600x450.jpg 600w, https:\/\/www.elibolasfalt.com.tr\/wp-content\/uploads\/2022\/01\/f4c34272-5dac-41d9-9019-cf9e66144ce6-kadraj-temizlik-300x225.jpg 300w, https:\/\/www.elibolasfalt.com.tr\/wp-content\/uploads\/2022\/01\/f4c34272-5dac-41d9-9019-cf9e66144ce6-kadraj-temizlik-768x576.jpg 768w, https:\/\/www.elibolasfalt.com.tr\/wp-content\/uploads\/2022\/01\/f4c34272-5dac-41d9-9019-cf9e66144ce6-kadraj-temizlik.jpg 1007w\" sizes=\"(max-width: 600px) 100vw, 600px\" \/><\/a>\n\t\t\t<\/div><\/figure><figure class='gallery-item'>\n\t\t\t<div class='gallery-icon landscape'>\n\t\t\t\t<a data-elementor-open-lightbox=\"yes\" data-elementor-lightbox-slideshow=\"f5afeb4\" href='https:\/\/www.elibolasfalt.com.tr\/wp-content\/uploads\/2022\/01\/IMG-20181106-WA0009-renk-temizlik.jpg'><img width=\"600\" height=\"450\" src=\"https:\/\/www.elibolasfalt.com.tr\/wp-content\/uploads\/2022\/01\/IMG-20181106-WA0009-renk-temizlik-600x450.jpg\" class=\"attachment-intime-medium size-intime-medium\" alt=\"\" srcset=\"https:\/\/www.elibolasfalt.com.tr\/wp-content\/uploads\/2022\/01\/IMG-20181106-WA0009-renk-temizlik-600x450.jpg 600w, https:\/\/www.elibolasfalt.com.tr\/wp-content\/uploads\/2022\/01\/IMG-20181106-WA0009-renk-temizlik-300x225.jpg 300w, https:\/\/www.elibolasfalt.com.tr\/wp-content\/uploads\/2022\/01\/IMG-20181106-WA0009-renk-temizlik-768x576.jpg 768w, https:\/\/www.elibolasfalt.com.tr\/wp-content\/uploads\/2022\/01\/IMG-20181106-WA0009-renk-temizlik.jpg 971w\" sizes=\"(max-width: 600px) 100vw, 600px\" \/><\/a>\n\t\t\t<\/div><\/figure><figure class='gallery-item'>\n\t\t\t<div class='gallery-icon landscape'>\n\t\t\t\t<a data-elementor-open-lightbox=\"yes\" data-elementor-lightbox-slideshow=\"f5afeb4\" href='https:\/\/www.elibolasfalt.com.tr\/wp-content\/uploads\/2022\/01\/6a9cd368-c18f-4c64-b915-622d185b047e-renk-temizlik-1.jpg'><img width=\"600\" height=\"450\" src=\"https:\/\/www.elibolasfalt.com.tr\/wp-content\/uploads\/2022\/01\/6a9cd368-c18f-4c64-b915-622d185b047e-renk-temizlik-1-600x450.jpg\" class=\"attachment-intime-medium size-intime-medium\" alt=\"\" srcset=\"https:\/\/www.elibolasfalt.com.tr\/wp-content\/uploads\/2022\/01\/6a9cd368-c18f-4c64-b915-622d185b047e-renk-temizlik-1-600x450.jpg 600w, https:\/\/www.elibolasfalt.com.tr\/wp-content\/uploads\/2022\/01\/6a9cd368-c18f-4c64-b915-622d185b047e-renk-temizlik-1-300x225.jpg 300w, https:\/\/www.elibolasfalt.com.tr\/wp-content\/uploads\/2022\/01\/6a9cd368-c18f-4c64-b915-622d185b047e-renk-temizlik-1-768x576.jpg 768w, https:\/\/www.elibolasfalt.com.tr\/wp-content\/uploads\/2022\/01\/6a9cd368-c18f-4c64-b915-622d185b047e-renk-temizlik-1.jpg 1024w\" sizes=\"(max-width: 600px) 100vw, 600px\" \/><\/a>\n\t\t\t<\/div><\/figure>\n\t\t<\/div>\n\t\t<\/div>\n\t\t\t\t<\/div>\n\t\t\t\t<\/div>\n\t\t            <\/div>\n        <\/div>\n                            <\/div>\n        <\/section>\n                <section class=\"elementor-section elementor-top-section elementor-element elementor-element-1c249ff elementor-section-boxed elementor-section-height-default elementor-section-height-default\" data-id=\"1c249ff\" data-element_type=\"section\">\n            \n                        <div class=\"elementor-container elementor-column-gap-default \">\n                    <div class=\"elementor-column elementor-col-100 elementor-top-column elementor-element elementor-element-57de534\" data-id=\"57de534\" data-element_type=\"column\">\n            <div class=\"elementor-widget-wrap elementor-element-populated\">\n                        \t\t<div class=\"elementor-element elementor-element-4a06400 elementor-widget elementor-widget-text-editor\" data-id=\"4a06400\" data-element_type=\"widget\" data-widget_type=\"text-editor.default\">\n\t\t\t\t<div class=\"elementor-widget-container\">\n\t\t\t\t\t\t\t<p>Yol yap\u0131m \u00e7al\u0131\u015fmalar\u0131na uygun her t\u00fcrl\u00fc s\u0131cak asfalt \u00fcretimini ekonomik ve y\u00fcksek verimlilikte yapmaklad\u0131r ayr\u0131ca y\u00fcksek verimli filtre sistemi ile \u00e7evre dostu ve \u00e7evreyi rahats\u0131z etmeyecek sessizlikte \u00e7al\u0131\u015fmaktad\u0131r.<\/p><p>\u00a0<\/p><p>30 ton\/saat \u2018de 400 ton \/ saat kapasiteye kadar se\u00e7enekler sunmaktad\u0131r<\/p><p>Elibol asfalt b\u00fcnyesinde bulunan otomasyon b\u00f6l\u00fcm\u00fc son teknolojik yenilikleri kullanarak SCADA, PLC, SERVO, INVERTER gibi \u00fcr\u00fcnler ile t\u00fcm sistemin tam otomatik ve man\u00fcel kullan\u0131m\u0131n\u0131 sa\u011flamaktad\u0131r.<\/p><p>Asfalt Plenti<\/p><p><strong>\u00a0<\/strong><\/p><table width=\"929\"><tbody><tr><td width=\"209\"><p>\u00a0\u00a0\u00a0MODEL<\/p><\/td><td width=\"80\"><p>EM-AP 30<\/p><\/td><td width=\"80\"><p>EM-AP 60<\/p><\/td><td width=\"80\"><p>EM-AP 80<\/p><\/td><td width=\"80\"><p>EM-AP 120<\/p><\/td><td width=\"80\"><p>EM-AP 160<\/p><\/td><td width=\"80\"><p>EM-AP 200<\/p><\/td><td width=\"80\"><p>EM-AP 260<\/p><\/td><td width=\"80\"><p>EM-AP 320<\/p><\/td><td width=\"80\"><p>EM-AP 400<\/p><\/td><\/tr><tr><td><p>\u00a0\u00a0\u00a0Agrega Silosu Kapasitesi<\/p><\/td><td colspan=\"9\"><p>8, 10, 12, 15 m\u00b3<\/p><\/td><\/tr><tr><td><p>\u00a0\u00a0\u00a0Toplama Band\u0131 (mm)<\/p><\/td><td><p>500<\/p><\/td><td><p>500<\/p><\/td><td><p>500<\/p><\/td><td><p>650<\/p><\/td><td><p>650<\/p><\/td><td><p>650<\/p><\/td><td><p>800<\/p><\/td><td><p>800<\/p><\/td><td><p>800<\/p><\/td><\/tr><tr><td><p>\u00a0\u00a0\u00a0Y\u00fckleme Band\u0131 (mm)<\/p><\/td><td><p>500<\/p><\/td><td><p>500<\/p><\/td><td><p>500<\/p><\/td><td><p>700<\/p><\/td><td><p>700<\/p><\/td><td><p>700<\/p><\/td><td><p>800<\/p><\/td><td><p>800<\/p><\/td><td><p>800<\/p><\/td><\/tr><tr><td><p>\u00a0\u00a0\u00a0Kurutucu Kapasitesi (ton\/saat)<\/p><\/td><td><p>40<\/p><\/td><td><p>60<\/p><\/td><td><p>90<\/p><\/td><td><p>120<\/p><\/td><td><p>160<\/p><\/td><td><p>200<\/p><\/td><td><p>260<\/p><\/td><td><p>320<\/p><\/td><td><p>400<\/p><\/td><\/tr><tr><td><p>\u00a0\u00a0\u00a0Elek<\/p><\/td><td colspan=\"9\"><p>4 Katl\u0131 Bypass Sistemli<\/p><\/td><\/tr><tr><td><p>\u00a0\u00a0\u00a0S\u0131cak Silo (m\u00b3)<\/p><\/td><td><p>9<\/p><\/td><td><p>9<\/p><\/td><td><p>9<\/p><\/td><td><p>12<\/p><\/td><td><p>12<\/p><\/td><td><p>12<\/p><\/td><td><p>20<\/p><\/td><td><p>20<\/p><\/td><td><p>20<\/p><\/td><\/tr><tr><td><p>\u00a0\u00a0\u00a0Agrega Kantar\u0131 (kg)<\/p><\/td><td><p>750<\/p><\/td><td><p>1000<\/p><\/td><td><p>1250<\/p><\/td><td><p>1750<\/p><\/td><td><p>2250<\/p><\/td><td><p>3000<\/p><\/td><td><p>3500<\/p><\/td><td><p>4250<\/p><\/td><td><p>5250<\/p><\/td><\/tr><tr><td><p>\u00a0\u00a0\u00a0Filler Kantar\u0131 (kg)<\/p><\/td><td><p>200<\/p><\/td><td><p>200<\/p><\/td><td><p>200<\/p><\/td><td><p>200<\/p><\/td><td><p>200<\/p><\/td><td><p>300<\/p><\/td><td><p>300<\/p><\/td><td><p>400<\/p><\/td><td><p>400<\/p><\/td><\/tr><tr><td><p>\u00a0\u00a0\u00a0Bit\u00fcm Kantar\u0131 (kg)<\/p><\/td><td><p>150<\/p><\/td><td><p>150<\/p><\/td><td><p>150<\/p><\/td><td><p>150<\/p><\/td><td><p>150<\/p><\/td><td><p>200<\/p><\/td><td><p>200<\/p><\/td><td><p>300<\/p><\/td><td><p>300<\/p><\/td><\/tr><tr><td><p>\u00a0\u00a0\u00a0Mikser (kg)<\/p><\/td><td><p>650<\/p><\/td><td><p>850<\/p><\/td><td><p>1150<\/p><\/td><td><p>1500<\/p><\/td><td><p>2000<\/p><\/td><td><p>2500<\/p><\/td><td><p>3250<\/p><\/td><td><p>4000<\/p><\/td><td><p>5000<\/p><\/td><\/tr><tr><td><p>\u00a0\u00a0\u00a0Bit\u00fcm Tank\u0131 (m\u00b3)<\/p><\/td><td colspan=\"9\"><p>20, 30, 40, 50, 60 m\u00b3 T\u00fcm Tipler<\/p><\/td><\/tr><tr><td><p>\u00a0\u00a0\u00a0Yak\u0131t Tank\u0131 (m\u00b3)<\/p><\/td><td colspan=\"9\"><p>10, 20, 30, 40 m\u00b3 T\u00fcm Tipler<\/p><\/td><\/tr><tr><td><p>\u00a0\u00a0\u00a0K\u0131zg\u0131n Ya\u011f Kazan\u0131 (kcal\/h)<\/p><\/td><td><p>750.000<\/p><\/td><td><p>750.000<\/p><\/td><td><p>750.000<\/p><\/td><td><p>1.000.000<\/p><\/td><td><p>1.000.000<\/p><\/td><td><p>1.000.000<\/p><\/td><td><p>1.000.000<\/p><\/td><td><p>1.500.000<\/p><\/td><td><p>1.500.000<\/p><\/td><\/tr><\/tbody><\/table><p>\u00a0<\/p>\t\t\t\t\t\t<\/div>\n\t\t\t\t<\/div>\n\t\t            <\/div>\n        <\/div>\n                            <\/div>\n        <\/section>\n        \t\t\t\t<\/div>\n\t\t\t\t\t<\/div>\n\t\t","protected":false},"excerpt":{"rendered":"<p>Yol yap\u0131m \u00e7al\u0131\u015fmalar\u0131na uygun her t\u00fcrl\u00fc s\u0131cak asfalt \u00fcretimini ekonomik ve y\u00fcksek verimlilikte yapmaklad\u0131r ayr\u0131ca y\u00fcksek verimli filtre sistemi ile \u00e7evre dostu ve \u00e7evreyi rahats\u0131z etmeyecek sessizlikte \u00e7al\u0131\u015fmaktad\u0131r. \u00a0 30 ton\/saat \u2018de 400 ton \/ saat kapasiteye kadar se\u00e7enekler sunmaktad\u0131r Elibol asfalt b\u00fcnyesinde bulunan otomasyon b\u00f6l\u00fcm\u00fc son teknolojik yenilikleri kullanarak SCADA, PLC, SERVO, INVERTER gibi [&hellip;]<\/p>\n","protected":false},"author":1,"featured_media":0,"parent":6647,"menu_order":0,"comment_status":"closed","ping_status":"closed","template":"","meta":[],"_links":{"self":[{"href":"https:\/\/www.elibolasfalt.com.tr\/index.php?rest_route=\/wp\/v2\/pages\/6659"}],"collection":[{"href":"https:\/\/www.elibolasfalt.com.tr\/index.php?rest_route=\/wp\/v2\/pages"}],"about":[{"href":"https:\/\/www.elibolasfalt.com.tr\/index.php?rest_route=\/wp\/v2\/types\/page"}],"author":[{"embeddable":true,"href":"https:\/\/www.elibolasfalt.com.tr\/index.php?rest_route=\/wp\/v2\/users\/1"}],"replies":[{"embeddable":true,"href":"https:\/\/www.elibolasfalt.com.tr\/index.php?rest_route=%2Fwp%2Fv2%2Fcomments&post=6659"}],"version-history":[{"count":16,"href":"https:\/\/www.elibolasfalt.com.tr\/index.php?rest_route=\/wp\/v2\/pages\/6659\/revisions"}],"predecessor-version":[{"id":7057,"href":"https:\/\/www.elibolasfalt.com.tr\/index.php?rest_route=\/wp\/v2\/pages\/6659\/revisions\/7057"}],"up":[{"embeddable":true,"href":"https:\/\/www.elibolasfalt.com.tr\/index.php?rest_route=\/wp\/v2\/pages\/6647"}],"wp:attachment":[{"href":"https:\/\/www.elibolasfalt.com.tr\/index.php?rest_route=%2Fwp%2Fv2%2Fmedia&parent=6659"}],"curies":[{"name":"wp","href":"https:\/\/api.w.org\/{rel}","templated":true}]}}