{"id":6653,"date":"2022-01-03T14:30:39","date_gmt":"2022-01-03T11:30:39","guid":{"rendered":"https:\/\/alfadestek.com\/elibolmakina\/?page_id=6653"},"modified":"2023-04-29T22:59:44","modified_gmt":"2023-04-29T19:59:44","slug":"mobil-asfalt-plenti","status":"publish","type":"page","link":"https:\/\/www.elibolasfalt.com.tr\/?page_id=6653","title":{"rendered":"Mobil Asfalt Plenti"},"content":{"rendered":"\t\t<div data-elementor-type=\"wp-page\" data-elementor-id=\"6653\" class=\"elementor elementor-6653\" data-elementor-settings=\"[]\">\n\t\t\t\t\t\t\t<div class=\"elementor-section-wrap\">\n\t\t\t\t\t        <section class=\"elementor-section elementor-top-section elementor-element elementor-element-ca9dc78 elementor-section-boxed elementor-section-height-default elementor-section-height-default\" data-id=\"ca9dc78\" data-element_type=\"section\">\n            \n                        <div class=\"elementor-container elementor-column-gap-default \">\n                    <div class=\"elementor-column elementor-col-100 elementor-top-column elementor-element elementor-element-3f0c4d4\" data-id=\"3f0c4d4\" data-element_type=\"column\">\n            <div class=\"elementor-widget-wrap elementor-element-populated\">\n                        \t\t<div class=\"elementor-element elementor-element-82244ee elementor-widget elementor-widget-image-gallery\" data-id=\"82244ee\" data-element_type=\"widget\" data-widget_type=\"image-gallery.default\">\n\t\t\t\t<div class=\"elementor-widget-container\">\n\t\t\t\t\t<div class=\"elementor-image-gallery\">\n\t\t\t<div id='gallery-1' class='gallery galleryid-6653 gallery-columns-4 gallery-size-intime-service'><figure class='gallery-item'>\n\t\t\t<div class='gallery-icon landscape'>\n\t\t\t\t<a data-elementor-open-lightbox=\"yes\" data-elementor-lightbox-slideshow=\"82244ee\" href='https:\/\/www.elibolasfalt.com.tr\/wp-content\/uploads\/2022\/01\/BZTD4996.jpg'><img width=\"370\" height=\"310\" src=\"https:\/\/www.elibolasfalt.com.tr\/wp-content\/uploads\/2022\/01\/BZTD4996-370x310.jpg\" class=\"attachment-intime-service size-intime-service\" alt=\"\" \/><\/a>\n\t\t\t<\/div><\/figure><figure class='gallery-item'>\n\t\t\t<div class='gallery-icon landscape'>\n\t\t\t\t<a data-elementor-open-lightbox=\"yes\" data-elementor-lightbox-slideshow=\"82244ee\" href='https:\/\/www.elibolasfalt.com.tr\/wp-content\/uploads\/2022\/01\/JAMQ1074.jpg'><img width=\"370\" height=\"310\" src=\"https:\/\/www.elibolasfalt.com.tr\/wp-content\/uploads\/2022\/01\/JAMQ1074-370x310.jpg\" class=\"attachment-intime-service size-intime-service\" alt=\"\" \/><\/a>\n\t\t\t<\/div><\/figure><figure class='gallery-item'>\n\t\t\t<div class='gallery-icon landscape'>\n\t\t\t\t<a data-elementor-open-lightbox=\"yes\" data-elementor-lightbox-slideshow=\"82244ee\" href='https:\/\/www.elibolasfalt.com.tr\/wp-content\/uploads\/2022\/01\/JMUW3852.jpg'><img width=\"370\" height=\"310\" src=\"https:\/\/www.elibolasfalt.com.tr\/wp-content\/uploads\/2022\/01\/JMUW3852-370x310.jpg\" class=\"attachment-intime-service size-intime-service\" alt=\"\" \/><\/a>\n\t\t\t<\/div><\/figure><figure class='gallery-item'>\n\t\t\t<div class='gallery-icon landscape'>\n\t\t\t\t<a data-elementor-open-lightbox=\"yes\" data-elementor-lightbox-slideshow=\"82244ee\" href='https:\/\/www.elibolasfalt.com.tr\/wp-content\/uploads\/2022\/01\/KSNF0014.jpg'><img width=\"370\" height=\"310\" src=\"https:\/\/www.elibolasfalt.com.tr\/wp-content\/uploads\/2022\/01\/KSNF0014-370x310.jpg\" class=\"attachment-intime-service size-intime-service\" alt=\"\" \/><\/a>\n\t\t\t<\/div><\/figure><figure class='gallery-item'>\n\t\t\t<div class='gallery-icon landscape'>\n\t\t\t\t<a data-elementor-open-lightbox=\"yes\" data-elementor-lightbox-slideshow=\"82244ee\" href='https:\/\/www.elibolasfalt.com.tr\/wp-content\/uploads\/2022\/01\/KTNF6669.jpg'><img width=\"370\" height=\"310\" src=\"https:\/\/www.elibolasfalt.com.tr\/wp-content\/uploads\/2022\/01\/KTNF6669-370x310.jpg\" class=\"attachment-intime-service size-intime-service\" alt=\"\" \/><\/a>\n\t\t\t<\/div><\/figure><figure class='gallery-item'>\n\t\t\t<div class='gallery-icon landscape'>\n\t\t\t\t<a data-elementor-open-lightbox=\"yes\" data-elementor-lightbox-slideshow=\"82244ee\" href='https:\/\/www.elibolasfalt.com.tr\/wp-content\/uploads\/2022\/01\/LVPX1787.jpg'><img width=\"370\" height=\"310\" src=\"https:\/\/www.elibolasfalt.com.tr\/wp-content\/uploads\/2022\/01\/LVPX1787-370x310.jpg\" class=\"attachment-intime-service size-intime-service\" alt=\"\" \/><\/a>\n\t\t\t<\/div><\/figure><figure class='gallery-item'>\n\t\t\t<div class='gallery-icon landscape'>\n\t\t\t\t<a data-elementor-open-lightbox=\"yes\" data-elementor-lightbox-slideshow=\"82244ee\" href='https:\/\/www.elibolasfalt.com.tr\/wp-content\/uploads\/2022\/01\/MNLB7073.jpg'><img width=\"370\" height=\"310\" src=\"https:\/\/www.elibolasfalt.com.tr\/wp-content\/uploads\/2022\/01\/MNLB7073-370x310.jpg\" class=\"attachment-intime-service size-intime-service\" alt=\"\" \/><\/a>\n\t\t\t<\/div><\/figure><figure class='gallery-item'>\n\t\t\t<div class='gallery-icon landscape'>\n\t\t\t\t<a data-elementor-open-lightbox=\"yes\" data-elementor-lightbox-slideshow=\"82244ee\" href='https:\/\/www.elibolasfalt.com.tr\/wp-content\/uploads\/2022\/01\/NQNV4034.jpg'><img width=\"370\" height=\"310\" src=\"https:\/\/www.elibolasfalt.com.tr\/wp-content\/uploads\/2022\/01\/NQNV4034-370x310.jpg\" class=\"attachment-intime-service size-intime-service\" alt=\"\" \/><\/a>\n\t\t\t<\/div><\/figure><figure class='gallery-item'>\n\t\t\t<div class='gallery-icon landscape'>\n\t\t\t\t<a data-elementor-open-lightbox=\"yes\" data-elementor-lightbox-slideshow=\"82244ee\" href='https:\/\/www.elibolasfalt.com.tr\/wp-content\/uploads\/2022\/01\/NZXT8862.jpg'><img width=\"370\" height=\"310\" src=\"https:\/\/www.elibolasfalt.com.tr\/wp-content\/uploads\/2022\/01\/NZXT8862-370x310.jpg\" class=\"attachment-intime-service size-intime-service\" alt=\"\" \/><\/a>\n\t\t\t<\/div><\/figure><figure class='gallery-item'>\n\t\t\t<div class='gallery-icon landscape'>\n\t\t\t\t<a data-elementor-open-lightbox=\"yes\" data-elementor-lightbox-slideshow=\"82244ee\" href='https:\/\/www.elibolasfalt.com.tr\/wp-content\/uploads\/2022\/01\/PNFA5171.jpg'><img width=\"370\" height=\"310\" src=\"https:\/\/www.elibolasfalt.com.tr\/wp-content\/uploads\/2022\/01\/PNFA5171-370x310.jpg\" class=\"attachment-intime-service size-intime-service\" alt=\"\" \/><\/a>\n\t\t\t<\/div><\/figure><figure class='gallery-item'>\n\t\t\t<div class='gallery-icon landscape'>\n\t\t\t\t<a data-elementor-open-lightbox=\"yes\" data-elementor-lightbox-slideshow=\"82244ee\" href='https:\/\/www.elibolasfalt.com.tr\/wp-content\/uploads\/2022\/01\/QXTR5654.jpg'><img width=\"370\" height=\"310\" src=\"https:\/\/www.elibolasfalt.com.tr\/wp-content\/uploads\/2022\/01\/QXTR5654-370x310.jpg\" class=\"attachment-intime-service size-intime-service\" alt=\"\" \/><\/a>\n\t\t\t<\/div><\/figure><figure class='gallery-item'>\n\t\t\t<div class='gallery-icon landscape'>\n\t\t\t\t<a data-elementor-open-lightbox=\"yes\" data-elementor-lightbox-slideshow=\"82244ee\" href='https:\/\/www.elibolasfalt.com.tr\/wp-content\/uploads\/2022\/01\/RFSA7718-1.jpg'><img width=\"370\" height=\"310\" src=\"https:\/\/www.elibolasfalt.com.tr\/wp-content\/uploads\/2022\/01\/RFSA7718-1-370x310.jpg\" class=\"attachment-intime-service size-intime-service\" alt=\"\" \/><\/a>\n\t\t\t<\/div><\/figure><figure class='gallery-item'>\n\t\t\t<div class='gallery-icon landscape'>\n\t\t\t\t<a data-elementor-open-lightbox=\"yes\" data-elementor-lightbox-slideshow=\"82244ee\" href='https:\/\/www.elibolasfalt.com.tr\/wp-content\/uploads\/2022\/01\/SBFO1490.jpg'><img width=\"370\" height=\"310\" src=\"https:\/\/www.elibolasfalt.com.tr\/wp-content\/uploads\/2022\/01\/SBFO1490-370x310.jpg\" class=\"attachment-intime-service size-intime-service\" alt=\"\" \/><\/a>\n\t\t\t<\/div><\/figure><figure class='gallery-item'>\n\t\t\t<div class='gallery-icon landscape'>\n\t\t\t\t<a data-elementor-open-lightbox=\"yes\" data-elementor-lightbox-slideshow=\"82244ee\" href='https:\/\/www.elibolasfalt.com.tr\/wp-content\/uploads\/2022\/01\/THVJ5807.jpg'><img width=\"370\" height=\"310\" src=\"https:\/\/www.elibolasfalt.com.tr\/wp-content\/uploads\/2022\/01\/THVJ5807-370x310.jpg\" class=\"attachment-intime-service size-intime-service\" alt=\"\" \/><\/a>\n\t\t\t<\/div><\/figure><figure class='gallery-item'>\n\t\t\t<div class='gallery-icon landscape'>\n\t\t\t\t<a data-elementor-open-lightbox=\"yes\" data-elementor-lightbox-slideshow=\"82244ee\" href='https:\/\/www.elibolasfalt.com.tr\/wp-content\/uploads\/2022\/01\/WANW8415.jpg'><img width=\"370\" height=\"310\" src=\"https:\/\/www.elibolasfalt.com.tr\/wp-content\/uploads\/2022\/01\/WANW8415-370x310.jpg\" class=\"attachment-intime-service size-intime-service\" alt=\"\" \/><\/a>\n\t\t\t<\/div><\/figure>\n\t\t<\/div>\n\t\t<\/div>\n\t\t\t\t<\/div>\n\t\t\t\t<\/div>\n\t\t            <\/div>\n        <\/div>\n                            <\/div>\n        <\/section>\n                <section class=\"elementor-section elementor-top-section elementor-element elementor-element-82157ca elementor-section-boxed elementor-section-height-default elementor-section-height-default\" data-id=\"82157ca\" data-element_type=\"section\">\n            \n                        <div class=\"elementor-container elementor-column-gap-default \">\n                    <div class=\"elementor-column elementor-col-100 elementor-top-column elementor-element elementor-element-2601604\" data-id=\"2601604\" data-element_type=\"column\">\n            <div class=\"elementor-widget-wrap elementor-element-populated\">\n                        \t\t<div class=\"elementor-element elementor-element-71130da elementor-widget elementor-widget-text-editor\" data-id=\"71130da\" data-element_type=\"widget\" data-widget_type=\"text-editor.default\">\n\t\t\t\t<div class=\"elementor-widget-container\">\n\t\t\t\t\t\t\t<p>GENEL B\u0130LG\u0130LER<\/p><p>EMAP , 80-160 t\/h kapasiteye sahip mobil asfalt plentleri \u00fcretebilmektedir. EMAP mobil asfalt plenti tasar\u0131mlar\u0131nda her bir \u00fcnite ve o \u00fcnitenin ekipmanlar\u0131 mobil \u015fase \u00fczerinde ta\u015f\u0131nmaktad\u0131r. K\u0131sa zamanda farkl\u0131 lokasyonlarda proje ger\u00e7ekle\u015ftirecek taahh\u00fct firmalar\u0131 i\u00e7in avantajl\u0131d\u0131r.<\/p><p><strong>Avantajlar\u0131<\/strong><\/p><ul><li>Kurulum ve devreye alma s\u00fcresi sabit asfalt plentine g\u00f6re \u00e7ok daha k\u0131sad\u0131r.<\/li><li>Kompakt yap\u0131s\u0131 sayesinde otomasyon dahil olmak \u00fczere \u015fasededir.<\/li><li>Asfalt plenti kurulumu i\u00e7in gerekli in\u015faat maliyetleri \u00e7ok daha d\u00fc\u015f\u00fckt\u00fcr.<\/li><li>Bit\u00fcm tanklar\u0131 ve k\u0131zg\u0131n ya\u011f kazan\u0131 mobil olarak ta\u015f\u0131nmaktad\u0131r.<\/li><\/ul><p>EK\u0130PMAN \u00d6ZELL\u0130KLER\u0130<\/p><p><strong>Mobil So\u011fuk Besleme Bunkerleri<\/strong><\/p><p>So\u011fuk agrega besleme bunkeri ve agrega konvey\u00f6r\u00fc, h\u0131zl\u0131 besleme ve ta\u015f\u0131ma sa\u011flayan mobil \u015fasiye monte edilmi\u015ftir. Frekans h\u0131z reg\u00fclat\u00f6r\u00fc, besleyiciyi d\u00fczg\u00fcn ve verimli bir \u015fekilde \u00e7al\u0131\u015ft\u0131r\u0131r.<\/p><p><strong>Mobil Kurutucu (Drayer)<\/strong><\/p><p>Asfalt plenti filtre grubu, bitmi\u015f \u00fcr\u00fcn kalitesini garanti edebilen \u00e7ok a\u015famal\u0131 toz toplama sistemine sahiptir. Torbal\u0131 filtre, torban\u0131n yo\u011funla\u015fmas\u0131n\u0131 \u00f6nlemek i\u00e7in yal\u0131t\u0131m tabakas\u0131na sahiptir. Torbal\u0131 filtre giri\u015fi, torban\u0131n hasar g\u00f6rmesini \u00f6nlemek i\u00e7in s\u0131cakl\u0131k koruma cihaz\u0131na sahiptir. Mobil filtre grubu, fan, filtre g\u00f6vdesi ve filler bunkerini ayn\u0131 \u015faside ta\u015f\u0131maktad\u0131r.<\/p><p><strong>Mobil Mikser Kat\u0131<\/strong><\/p><p>Mobil asfalt plenti kulesi, s\u0131cak agrega depolama bunkeri, asfalt kar\u0131\u015ft\u0131r\u0131c\u0131, titre\u015fimli elek, tart\u0131m kantarlar\u0131, otomasyon kabininden olu\u015fmaktad\u0131r. Asfalt kar\u0131\u015ft\u0131rma kulesinin ana k\u0131sm\u0131 makul bak\u0131m ve g\u00fcvenlik koruma cihaz\u0131na sahiptir. Kulenin mod\u00fclerle\u015ftirilmesi, tesisin h\u0131zl\u0131 kurulum ve nakliye ger\u00e7ekle\u015ftirmesini sa\u011flamaktad\u0131r.<\/p><p><strong>Asfalt Depolama Bunkeri (Opsiyonel)<\/strong><\/p><p>B\u00fcy\u00fck hacimli bitmi\u015f \u00fcr\u00fcn bunkeri, haz\u0131r asfalt depolamak i\u00e7in kullan\u0131l\u0131r. Kullan\u0131m\u0131 kolayd\u0131r. \u0130zolasyon tabakas\u0131 k\u00fc\u00e7\u00fck s\u0131cakl\u0131k d\u00fc\u015f\u00fc\u015f\u00fc sa\u011flamaktad\u0131r.<\/p>\t\t\t\t\t\t<\/div>\n\t\t\t\t<\/div>\n\t\t            <\/div>\n        <\/div>\n                            <\/div>\n        <\/section>\n        \t\t\t\t<\/div>\n\t\t\t\t\t<\/div>\n\t\t","protected":false},"excerpt":{"rendered":"<p>GENEL B\u0130LG\u0130LER EMAP , 80-160 t\/h kapasiteye sahip mobil asfalt plentleri \u00fcretebilmektedir. EMAP mobil asfalt plenti tasar\u0131mlar\u0131nda her bir \u00fcnite ve o \u00fcnitenin ekipmanlar\u0131 mobil \u015fase \u00fczerinde ta\u015f\u0131nmaktad\u0131r. K\u0131sa zamanda farkl\u0131 lokasyonlarda proje ger\u00e7ekle\u015ftirecek taahh\u00fct firmalar\u0131 i\u00e7in avantajl\u0131d\u0131r. Avantajlar\u0131 Kurulum ve devreye alma s\u00fcresi sabit asfalt plentine g\u00f6re \u00e7ok daha k\u0131sad\u0131r. Kompakt yap\u0131s\u0131 sayesinde otomasyon [&hellip;]<\/p>\n","protected":false},"author":1,"featured_media":0,"parent":6647,"menu_order":0,"comment_status":"closed","ping_status":"closed","template":"","meta":[],"_links":{"self":[{"href":"https:\/\/www.elibolasfalt.com.tr\/index.php?rest_route=\/wp\/v2\/pages\/6653"}],"collection":[{"href":"https:\/\/www.elibolasfalt.com.tr\/index.php?rest_route=\/wp\/v2\/pages"}],"about":[{"href":"https:\/\/www.elibolasfalt.com.tr\/index.php?rest_route=\/wp\/v2\/types\/page"}],"author":[{"embeddable":true,"href":"https:\/\/www.elibolasfalt.com.tr\/index.php?rest_route=\/wp\/v2\/users\/1"}],"replies":[{"embeddable":true,"href":"https:\/\/www.elibolasfalt.com.tr\/index.php?rest_route=%2Fwp%2Fv2%2Fcomments&post=6653"}],"version-history":[{"count":16,"href":"https:\/\/www.elibolasfalt.com.tr\/index.php?rest_route=\/wp\/v2\/pages\/6653\/revisions"}],"predecessor-version":[{"id":7054,"href":"https:\/\/www.elibolasfalt.com.tr\/index.php?rest_route=\/wp\/v2\/pages\/6653\/revisions\/7054"}],"up":[{"embeddable":true,"href":"https:\/\/www.elibolasfalt.com.tr\/index.php?rest_route=\/wp\/v2\/pages\/6647"}],"wp:attachment":[{"href":"https:\/\/www.elibolasfalt.com.tr\/index.php?rest_route=%2Fwp%2Fv2%2Fmedia&parent=6653"}],"curies":[{"name":"wp","href":"https:\/\/api.w.org\/{rel}","templated":true}]}}