{"id":6640,"date":"2022-01-03T14:22:51","date_gmt":"2022-01-03T11:22:51","guid":{"rendered":"https:\/\/alfadestek.com\/elibolmakina\/?page_id=6640"},"modified":"2022-01-03T15:03:52","modified_gmt":"2022-01-03T12:03:52","slug":"misyon-vizyon","status":"publish","type":"page","link":"https:\/\/www.elibolasfalt.com.tr\/?page_id=6640","title":{"rendered":"Misyon &#038; Vizyon"},"content":{"rendered":"\t\t<div data-elementor-type=\"wp-page\" data-elementor-id=\"6640\" class=\"elementor elementor-6640\" data-elementor-settings=\"[]\">\n\t\t\t\t\t\t\t<div class=\"elementor-section-wrap\">\n\t\t\t\t\t        <section class=\"elementor-section elementor-top-section elementor-element elementor-element-9db9e6a elementor-section-stretched elementor-section-content-middle elementor-section-boxed elementor-section-height-default elementor-section-height-default\" data-id=\"9db9e6a\" data-element_type=\"section\" data-settings=\"{&quot;stretch_section&quot;:&quot;section-stretched&quot;,&quot;background_background&quot;:&quot;classic&quot;}\">\n            \n                        <div class=\"elementor-container elementor-column-gap-extended \">\n                    <div class=\"elementor-column elementor-col-100 elementor-top-column elementor-element elementor-element-30bd116\" data-id=\"30bd116\" data-element_type=\"column\">\n            <div class=\"elementor-widget-wrap elementor-element-populated\">\n                        \t\t<div class=\"elementor-element elementor-element-a7cb094 elementor-widget elementor-widget-ct_text_editor\" data-id=\"a7cb094\" data-element_type=\"widget\" data-widget_type=\"ct_text_editor.default\">\n\t\t\t\t<div class=\"elementor-widget-container\">\n\t\t\t<div id=\"ct_text_editor-a7cb094\" class=\"ct-text-editor \" data-wow-delay=\"ms\">\n\t<div class=\"ct-inline-css\"  data-css=\"\n        \t\t\">\n\n    <\/div>\n\t<div class=\"ct-text-editor elementor-clearfix\">\n\t\t<p style=\"text-align: justify\"><strong>Misyon:\u00a0<\/strong><\/p><p style=\"text-align: justify\">Elibol Asfalt Makinalar\u0131 ge\u00e7mi\u015ften g\u00fcn\u00fcm\u00fcze, Asfalt Makina ve Ekipmanlar\u0131 \u00fcretiminde m\u00fc\u015fterinin ihtiya\u00e7 ve beklentilerini kaliteden \u00f6d\u00fcn vermeksizin kar\u015f\u0131lam\u0131\u015ft\u0131r.<\/p><p style=\"text-align: justify\">Elibol Asfalt Makinalar\u0131 g\u00f6revinin \u00f6nemini ve sorumlulu\u011funu bilerek, sekt\u00f6r\u00fcnde tecr\u00fcbeli personellerden olu\u015fan uzman kadrosu ve g\u00fcvenilir imaj\u0131 ile her zaman en kalitelisini sunmaya devam edecektir.<\/p><p style=\"text-align: justify\"><strong>Vizyon:<\/strong>\u00a0<\/p><p style=\"text-align: justify\">Geli\u015fen teknoloji ile beraber yeniliklere yer vererek \u00fcretecek; yurt i\u00e7i ve\u00a0 yurt d\u0131\u015f\u0131 pazarlarda sekt\u00f6r\u00fcn ba\u015fta gelen markas\u0131 olmay\u0131 da m\u00fc\u015fterilerimiz ile birlikte ba\u015faracakt\u0131r.<\/p>\t\t\n\t<\/div>\n<\/div>\t\t<\/div>\n\t\t\t\t<\/div>\n\t\t            <\/div>\n        <\/div>\n                            <\/div>\n        <\/section>\n        \t\t\t\t<\/div>\n\t\t\t\t\t<\/div>\n\t\t","protected":false},"excerpt":{"rendered":"<p>Misyon:\u00a0 Elibol Asfalt Makinalar\u0131 ge\u00e7mi\u015ften g\u00fcn\u00fcm\u00fcze, Asfalt Makina ve Ekipmanlar\u0131 \u00fcretiminde m\u00fc\u015fterinin ihtiya\u00e7 ve beklentilerini kaliteden \u00f6d\u00fcn vermeksizin kar\u015f\u0131lam\u0131\u015ft\u0131r. Elibol Asfalt Makinalar\u0131 g\u00f6revinin \u00f6nemini ve sorumlulu\u011funu bilerek, sekt\u00f6r\u00fcnde tecr\u00fcbeli personellerden olu\u015fan uzman kadrosu ve g\u00fcvenilir imaj\u0131 ile her zaman en kalitelisini sunmaya devam edecektir. Vizyon:\u00a0 Geli\u015fen teknoloji ile beraber yeniliklere yer vererek \u00fcretecek; yurt i\u00e7i [&hellip;]<\/p>\n","protected":false},"author":1,"featured_media":0,"parent":6633,"menu_order":0,"comment_status":"closed","ping_status":"closed","template":"","meta":[],"_links":{"self":[{"href":"https:\/\/www.elibolasfalt.com.tr\/index.php?rest_route=\/wp\/v2\/pages\/6640"}],"collection":[{"href":"https:\/\/www.elibolasfalt.com.tr\/index.php?rest_route=\/wp\/v2\/pages"}],"about":[{"href":"https:\/\/www.elibolasfalt.com.tr\/index.php?rest_route=\/wp\/v2\/types\/page"}],"author":[{"embeddable":true,"href":"https:\/\/www.elibolasfalt.com.tr\/index.php?rest_route=\/wp\/v2\/users\/1"}],"replies":[{"embeddable":true,"href":"https:\/\/www.elibolasfalt.com.tr\/index.php?rest_route=%2Fwp%2Fv2%2Fcomments&post=6640"}],"version-history":[{"count":4,"href":"https:\/\/www.elibolasfalt.com.tr\/index.php?rest_route=\/wp\/v2\/pages\/6640\/revisions"}],"predecessor-version":[{"id":6723,"href":"https:\/\/www.elibolasfalt.com.tr\/index.php?rest_route=\/wp\/v2\/pages\/6640\/revisions\/6723"}],"up":[{"embeddable":true,"href":"https:\/\/www.elibolasfalt.com.tr\/index.php?rest_route=\/wp\/v2\/pages\/6633"}],"wp:attachment":[{"href":"https:\/\/www.elibolasfalt.com.tr\/index.php?rest_route=%2Fwp%2Fv2%2Fmedia&parent=6640"}],"curies":[{"name":"wp","href":"https:\/\/api.w.org\/{rel}","templated":true}]}}