{"id":6638,"date":"2022-01-03T14:22:27","date_gmt":"2022-01-03T11:22:27","guid":{"rendered":"https:\/\/alfadestek.com\/elibolmakina\/?page_id=6638"},"modified":"2022-01-03T15:01:53","modified_gmt":"2022-01-03T12:01:53","slug":"kalite-politikasi","status":"publish","type":"page","link":"https:\/\/www.elibolasfalt.com.tr\/?page_id=6638","title":{"rendered":"Kalite Politikas\u0131"},"content":{"rendered":"\t\t<div data-elementor-type=\"wp-page\" data-elementor-id=\"6638\" class=\"elementor elementor-6638\" data-elementor-settings=\"[]\">\n\t\t\t\t\t\t\t<div class=\"elementor-section-wrap\">\n\t\t\t\t\t        <section class=\"elementor-section elementor-top-section elementor-element elementor-element-9db9e6a elementor-section-stretched elementor-section-content-middle elementor-section-boxed elementor-section-height-default elementor-section-height-default\" data-id=\"9db9e6a\" data-element_type=\"section\" data-settings=\"{&quot;stretch_section&quot;:&quot;section-stretched&quot;,&quot;background_background&quot;:&quot;classic&quot;}\">\n            \n                        <div class=\"elementor-container elementor-column-gap-extended \">\n                    <div class=\"elementor-column elementor-col-100 elementor-top-column elementor-element elementor-element-30bd116\" data-id=\"30bd116\" data-element_type=\"column\">\n            <div class=\"elementor-widget-wrap elementor-element-populated\">\n                        \t\t<div class=\"elementor-element elementor-element-a7cb094 elementor-widget elementor-widget-ct_text_editor\" data-id=\"a7cb094\" data-element_type=\"widget\" data-widget_type=\"ct_text_editor.default\">\n\t\t\t\t<div class=\"elementor-widget-container\">\n\t\t\t<div id=\"ct_text_editor-a7cb094\" class=\"ct-text-editor \" data-wow-delay=\"ms\">\n\t<div class=\"ct-inline-css\"  data-css=\"\n        \t\t\">\n\n    <\/div>\n\t<div class=\"ct-text-editor elementor-clearfix\">\n\t\t<p>T\u00fcm \u00c7al\u0131\u015fanlar\u0131n becerilerini sonuna kadar kullan\u0131p, herkesin zevkle \u00e7al\u0131\u015ft\u0131\u011f\u0131 m\u00fckemmel bir i\u015f ortam\u0131 olu\u015fturmak.<\/p><p>Yurt \u0130\u00e7i ve Yurt d\u0131\u015f\u0131 m\u00fc\u015fteriye beklentisinin \u00fczerinde en iyi de\u011feri sunmak ve Kalite Y\u00f6netim Sisteminin etkinli\u011fini s\u00fcrekli iyile\u015ftirmektir.<\/p><p>\u00a0<\/p><p>\u00a0<\/p><p>Bu nedenle her \u00e7al\u0131\u015fan\u0131m\u0131z\u0131n;<\/p><ul><li>\u0130\u015f sa\u011fl\u0131\u011f\u0131 ve g\u00fcvenli\u011fi konusunda e\u011fitimler vererek bilin\u00e7lendirmek,<\/li><li>\u0130\u015f sa\u011fl\u0131\u011f\u0131 ve g\u00fcvenli\u011fi y\u00f6netiminin performans\u0131n\u0131 \u00f6l\u00e7mek ve performans\u0131 geli\u015ftirmek ad\u0131na \u00e7al\u0131\u015fmalar yaparak \u201cS\u0131f\u0131r i\u015f kazas\u0131 -S\u0131f\u0131r \u0130\u015f G\u00f6remezlik \u2013 S\u0131f\u0131r \u0130\u015f G\u00fcc\u00fc Kayb\u0131 \u201d hedefine ula\u015fmak.<\/li><li>Kalite verimlilik konular\u0131nda e\u011fitilmesini,<\/li><li>G\u00f6revini zaman\u0131nda, inanarak ve do\u011fru bir bi\u00e7imde, sonradan d\u00fczeltmeye gerek kalmayacak \u015fekilde yapmas\u0131n\u0131,<\/li><li>Maliyetini artt\u0131ran hata unsurlar\u0131n\u0131n en aza indirmesinin sa\u011flanmas\u0131 (s\u0131f\u0131rlanmas\u0131)<\/li><li>\u00d6neren, d\u00fczelten, geli\u015ftiren \u015fahsiyetler olmalar\u0131n\u0131 sa\u011flamak<\/li><\/ul><p>Bu ilkeler sonucunda;<\/p><ul><li>Zaman\u0131nda teslim ilkesiyle ve cazip fiyatlarla rekabet\u00e7i bir firma olu\u015fturmak.<\/li><li>Kalitenin belirli gruplar\u0131n de\u011fil herkesin sorumlulu\u011funda oldu\u011funa inan\u0131p kesintisiz bir kalite d\u00fczeyine ula\u015fmak.<\/li><li>\u00c7al\u0131\u015fanlar\u0131n yapt\u0131klar\u0131 i\u015flerde moral ve tatmin duygular\u0131n\u0131 artt\u0131rmak, sorumluluk bilincini geli\u015ftirmek ve gelece\u011fini garanti alt\u0131na almakt\u0131r.<\/li><\/ul><p>Teknolojik de\u011fi\u015fim ve geli\u015fmeleri takip edip Ulusal ve Uluslararas\u0131 standartlarda faaliyetlerimizi y\u00fcr\u00fcterek payda\u015flar\u0131m\u0131z\u0131n g\u00fcvenilirli\u011fini sa\u011flamak.<\/p><p>B\u00f6ylece; i\u00e7 ve d\u0131\u015f pazarlarda m\u00fc\u015fterilerimizi artt\u0131rmak her \u00e7al\u0131\u015fan\u0131m\u0131z\u0131n ortak politikas\u0131d\u0131r.<\/p><p>Firmam\u0131z verilen teknik resimler do\u011frultusunda veya istenilen i\u015fler ile ilgili bilgiler do\u011frultusunda, \u00fcretim konusunda hizmet vermektedir.<\/p>\t\t\n\t<\/div>\n<\/div>\t\t<\/div>\n\t\t\t\t<\/div>\n\t\t            <\/div>\n        <\/div>\n                            <\/div>\n        <\/section>\n        \t\t\t\t<\/div>\n\t\t\t\t\t<\/div>\n\t\t","protected":false},"excerpt":{"rendered":"<p>T\u00fcm \u00c7al\u0131\u015fanlar\u0131n becerilerini sonuna kadar kullan\u0131p, herkesin zevkle \u00e7al\u0131\u015ft\u0131\u011f\u0131 m\u00fckemmel bir i\u015f ortam\u0131 olu\u015fturmak. Yurt \u0130\u00e7i ve Yurt d\u0131\u015f\u0131 m\u00fc\u015fteriye beklentisinin \u00fczerinde en iyi de\u011feri sunmak ve Kalite Y\u00f6netim Sisteminin etkinli\u011fini s\u00fcrekli iyile\u015ftirmektir. \u00a0 \u00a0 Bu nedenle her \u00e7al\u0131\u015fan\u0131m\u0131z\u0131n; \u0130\u015f sa\u011fl\u0131\u011f\u0131 ve g\u00fcvenli\u011fi konusunda e\u011fitimler vererek bilin\u00e7lendirmek, \u0130\u015f sa\u011fl\u0131\u011f\u0131 ve g\u00fcvenli\u011fi y\u00f6netiminin performans\u0131n\u0131 \u00f6l\u00e7mek ve [&hellip;]<\/p>\n","protected":false},"author":1,"featured_media":0,"parent":6633,"menu_order":0,"comment_status":"closed","ping_status":"closed","template":"","meta":[],"_links":{"self":[{"href":"https:\/\/www.elibolasfalt.com.tr\/index.php?rest_route=\/wp\/v2\/pages\/6638"}],"collection":[{"href":"https:\/\/www.elibolasfalt.com.tr\/index.php?rest_route=\/wp\/v2\/pages"}],"about":[{"href":"https:\/\/www.elibolasfalt.com.tr\/index.php?rest_route=\/wp\/v2\/types\/page"}],"author":[{"embeddable":true,"href":"https:\/\/www.elibolasfalt.com.tr\/index.php?rest_route=\/wp\/v2\/users\/1"}],"replies":[{"embeddable":true,"href":"https:\/\/www.elibolasfalt.com.tr\/index.php?rest_route=%2Fwp%2Fv2%2Fcomments&post=6638"}],"version-history":[{"count":4,"href":"https:\/\/www.elibolasfalt.com.tr\/index.php?rest_route=\/wp\/v2\/pages\/6638\/revisions"}],"predecessor-version":[{"id":6720,"href":"https:\/\/www.elibolasfalt.com.tr\/index.php?rest_route=\/wp\/v2\/pages\/6638\/revisions\/6720"}],"up":[{"embeddable":true,"href":"https:\/\/www.elibolasfalt.com.tr\/index.php?rest_route=\/wp\/v2\/pages\/6633"}],"wp:attachment":[{"href":"https:\/\/www.elibolasfalt.com.tr\/index.php?rest_route=%2Fwp%2Fv2%2Fmedia&parent=6638"}],"curies":[{"name":"wp","href":"https:\/\/api.w.org\/{rel}","templated":true}]}}