{"id":6664,"date":"2022-01-03T14:31:51","date_gmt":"2022-01-03T11:31:51","guid":{"rendered":"https:\/\/alfadestek.com\/elibolmakina\/?page_id=6664"},"modified":"2022-01-13T13:54:20","modified_gmt":"2022-01-13T10:54:20","slug":"referanslar","status":"publish","type":"page","link":"https:\/\/www.elibolasfalt.com.tr\/EN\/?page_id=6664","title":{"rendered":"References"},"content":{"rendered":"\t\t<div data-elementor-type=\"wp-page\" data-elementor-id=\"6664\" class=\"elementor elementor-6664\" data-elementor-settings=\"[]\">\n\t\t\t\t\t\t\t<div class=\"elementor-section-wrap\">\n\t\t\t\t\t        <section class=\"elementor-section elementor-top-section elementor-element elementor-element-b2201d9 elementor-section-boxed elementor-section-height-default elementor-section-height-default\" data-id=\"b2201d9\" data-element_type=\"section\">\n            \n                        <div class=\"elementor-container elementor-column-gap-default \">\n                    <div class=\"elementor-column elementor-col-100 elementor-top-column elementor-element elementor-element-b6b10ee\" data-id=\"b6b10ee\" data-element_type=\"column\">\n            <div class=\"elementor-widget-wrap elementor-element-populated\">\n                        \t\t<div class=\"elementor-element elementor-element-0e8b741 elementor-widget elementor-widget-text-editor\" data-id=\"0e8b741\" data-element_type=\"widget\" data-widget_type=\"text-editor.default\">\n\t\t\t\t<div class=\"elementor-widget-container\">\n\t\t\t\t\t\t\t<table border=\"1\" width=\"1084\" cellspacing=\"0\" cellpadding=\"0\"><tbody><tr><td class=\"icyazi\" align=\"left\" width=\"463\" height=\"25\">BAYMAZ PETROL<\/td><td class=\"icyazi\" align=\"center\" width=\"211\" height=\"25\">1<\/td><td class=\"icyazi\" align=\"left\" width=\"402\" height=\"25\">120 TON ASPHALT PLANT<\/td><\/tr><tr><td class=\"icyazi\" align=\"left\" height=\"25\">ATLAHAN PETROL<\/td><td class=\"icyazi\" align=\"center\" height=\"25\">1<\/td><td class=\"icyazi\" align=\"left\" height=\"25\">500 TON ASPHALT TANK<\/td><\/tr><tr><td class=\"icyazi\" align=\"left\" height=\"25\">MU\u015e BELED\u0130YE BA\u015eKANLI\u011eI<\/td><td class=\"icyazi\" align=\"center\" height=\"25\">1<\/td><td class=\"icyazi\" align=\"left\" height=\"25\">ASPHALT PLANT AUTOMATION<\/td><\/tr><tr><td class=\"icyazi\" align=\"left\" height=\"25\">MU\u015e BELED\u0130YE BA\u015eKANLI\u011eI<\/td><td class=\"icyazi\" align=\"center\" height=\"25\">1<\/td><td class=\"icyazi\" align=\"left\" height=\"25\">CONSTRUCTION OF ASPHALT CONCRETE DESICCANT (DRAYER)<\/td><\/tr><tr><td class=\"icyazi\" align=\"left\" height=\"25\">KARAYOLLARI 16. B\u00d6LGE M\u00dcD\u00dcRL\u00dc\u011e\u00dc<\/td><td class=\"icyazi\" align=\"center\" height=\"25\">1<\/td><td class=\"icyazi\" align=\"left\" height=\"25\">ASPHALT PLANT DISASSEMBLY &#8211; ASSEMBLY WORK CONSTRUCTION<\/td><\/tr><tr><td class=\"icyazi\" align=\"left\" height=\"25\">KOMUT HAR\u0130TA M\u00dcHEND\u0130SL\u0130K<\/td><td class=\"icyazi\" align=\"center\" height=\"25\">1<\/td><td class=\"icyazi\" align=\"left\" height=\"25\">60 TON ASPHALT PLANT DRY TYPE FILTER CONSTRUCTION<\/td><\/tr><tr><td class=\"icyazi\" align=\"left\" height=\"25\">KOMUT HAR\u0130TA M\u00dcHEND\u0130SL\u0130K<\/td><td class=\"icyazi\" align=\"center\" height=\"25\">2<\/td><td class=\"icyazi\" align=\"left\" height=\"25\">CONSTRUCTION OF A MIXER<\/td><\/tr><tr><td class=\"icyazi\" align=\"left\" height=\"25\">KOMUT HAR\u0130TA M\u00dcHEND\u0130SL\u0130K<\/td><td class=\"icyazi\" align=\"center\" height=\"25\">2<\/td><td class=\"icyazi\" align=\"left\" height=\"25\">CONSTRUCTION OF ASPHALT DISTRIBUTOR<\/td><\/tr><tr><td class=\"icyazi\" align=\"left\" height=\"25\">ERZURUM BELED\u0130YE BA\u015eKANLI\u011eI<\/td><td class=\"icyazi\" align=\"center\" height=\"25\">1<\/td><td class=\"icyazi\" align=\"left\" height=\"25\">750,000 KCAL\/H HOT OIL BOILER<\/td><\/tr><tr><td class=\"icyazi\" align=\"left\" height=\"25\">Y\u00dcCEL MAK\u0130NA<\/td><td class=\"icyazi\" align=\"center\" height=\"25\">1<\/td><td class=\"icyazi\" align=\"left\" height=\"25\">750,000 KCAL\/H HOT OIL BOILER<\/td><\/tr><tr><td class=\"icyazi\" align=\"left\" height=\"25\">BALIKES\u0130R G\u00d6NEN BELED\u0130YE BA\u015eKANLI\u011eI<\/td><td class=\"icyazi\" align=\"center\" height=\"25\">1<\/td><td class=\"icyazi\" align=\"left\" height=\"25\">ASPHALT PLANT AUTOMATION<\/td><\/tr><tr><td class=\"icyazi\" align=\"left\" height=\"25\">AT\u0130S ASFALT<\/td><td class=\"icyazi\" align=\"center\" height=\"25\">1<\/td><td class=\"icyazi\" align=\"left\" height=\"25\">1000,000 KCAL\/H HOT OIL BOILER<\/td><\/tr><tr><td class=\"icyazi\" align=\"left\" height=\"25\">KARS \u0130L \u00d6ZEL \u0130DARES\u0130<\/td><td class=\"icyazi\" align=\"center\" height=\"25\">2<\/td><td class=\"icyazi\" align=\"left\" height=\"25\">40 m3 ASPHALT TANK<\/td><\/tr><tr><td class=\"icyazi\" align=\"left\" height=\"25\">KARS \u0130L \u00d6ZEL \u0130DARES\u0130<\/td><td class=\"icyazi\" align=\"center\" height=\"25\">1<\/td><td class=\"icyazi\" align=\"left\" height=\"25\">ASPHALT DISTRIBUTOR<\/td><\/tr><tr><td class=\"icyazi\" align=\"left\" height=\"25\">\u00c7ESAN LTD\u00c7 \u015eT\u0130.<\/td><td class=\"icyazi\" align=\"center\" height=\"25\">10<\/td><td class=\"icyazi\" align=\"left\" height=\"25\">INSTALLATION OF A 60-TON ASPHALT PLANT<\/td><\/tr><tr><td class=\"icyazi\" align=\"left\" height=\"25\">TEKNO A.\u015e.<\/td><td class=\"icyazi\" align=\"center\" height=\"25\">2<\/td><td class=\"icyazi\" align=\"left\" height=\"25\">1000,000 KCAL\/H HOT OIL BOILER<\/td><\/tr><tr><td class=\"icyazi\" align=\"left\" height=\"25\">S\u0130NOP \u0130L \u00d6ZEL \u0130DARES\u0130<\/td><td class=\"icyazi\" align=\"center\" height=\"25\">2<\/td><td class=\"icyazi\" align=\"left\" height=\"25\">CONSTRUCTION OF A MIXER<\/td><\/tr><tr><td class=\"icyazi\" align=\"left\" height=\"25\">2. HAVA \u0130ST\u0130KAM \u0130N\u015eAAT TABUR KONUTANLI\u011eI<\/td><td class=\"icyazi\" align=\"center\" height=\"25\">1<\/td><td class=\"icyazi\" align=\"left\" height=\"25\">1000,000 KCAL\/H HOT OIL BOILER<\/td><\/tr><tr><td class=\"icyazi\" align=\"left\" height=\"25\">ENERJ\u0130 S\u0130STEMLER\u0130<\/td><td class=\"icyazi\" align=\"center\" height=\"25\">10<\/td><td class=\"icyazi\" align=\"left\" height=\"25\">50 m3 ASPHALT (BITUMEN) TANK<\/td><\/tr><tr><td class=\"icyazi\" align=\"left\" height=\"25\">ENERJ\u0130 S\u0130STEMLER\u0130<\/td><td class=\"icyazi\" align=\"center\" height=\"25\">2<\/td><td class=\"icyazi\" align=\"left\" height=\"25\">1000,000 KCAL\/H HOT OIL BOILER<\/td><\/tr><tr><td class=\"icyazi\" align=\"left\" height=\"25\">AZER K\u00d6PR\u00dc<\/td><td class=\"icyazi\" align=\"center\" height=\"25\">20<\/td><td class=\"icyazi\" align=\"left\" height=\"25\">50 m3 ASPHALT (BITUMEN) TANK<\/td><\/tr><tr><td class=\"icyazi\" align=\"left\" height=\"25\">AZER K\u00d6PR\u00dc<\/td><td class=\"icyazi\" align=\"center\" height=\"25\">3<\/td><td class=\"icyazi\" align=\"left\" height=\"25\">1000,000 KCAL\/H HOT OIL BOILER<\/td><\/tr><tr><td class=\"icyazi\" align=\"left\" height=\"25\">BAFRA \u0130L \u00d6ZEL \u0130DARES\u0130<\/td><td class=\"icyazi\" align=\"center\" height=\"25\">1<\/td><td class=\"icyazi\" align=\"left\" height=\"25\">60 TON ASPHALT PLANT<\/td><\/tr><tr><td class=\"icyazi\" align=\"left\" height=\"25\">KARYER T\u0130CARET LTD.<\/td><td class=\"icyazi\" align=\"center\" height=\"25\">1<\/td><td class=\"icyazi\" align=\"left\" height=\"25\">750,000 KCAL\/H HOT OIL BOILER<\/td><\/tr><tr><td class=\"icyazi\" align=\"left\" height=\"25\">KARYER T\u0130CARET LTD.<\/td><td class=\"icyazi\" align=\"center\" height=\"25\">4<\/td><td class=\"icyazi\" align=\"left\" height=\"25\">50 m3 ASPHALT (BITUMEN) TANK<\/td><\/tr><tr><td class=\"icyazi\" align=\"left\" height=\"25\">KARYER T\u0130CARET LTD.<\/td><td class=\"icyazi\" align=\"center\" height=\"25\">1<\/td><td class=\"icyazi\" align=\"left\" height=\"25\">50 m3 ASPHALT (BITUMEN) TANK<\/td><\/tr><tr><td class=\"icyazi\" align=\"left\" height=\"25\">KARYER T\u0130CARET LTD.<\/td><td class=\"icyazi\" align=\"center\" height=\"25\">1<\/td><td class=\"icyazi\" align=\"left\" height=\"25\">30 m3 ASPHALT (BITUMEN) TANK<\/td><\/tr><tr><td class=\"icyazi\" align=\"left\" height=\"25\">B\u0130RLE\u015e\u0130M \u0130ZOLASYON<\/td><td class=\"icyazi\" align=\"center\" height=\"25\">1<\/td><td class=\"icyazi\" align=\"left\" height=\"25\">750,000 KCAL\/H HOT OIL BOILER<\/td><\/tr><tr><td class=\"icyazi\" align=\"left\" height=\"25\">B\u0130RLE\u015e\u0130M \u0130ZOLASYON<\/td><td class=\"icyazi\" align=\"center\" height=\"25\">2<\/td><td class=\"icyazi\" align=\"left\" height=\"25\">THE MODIFIED TANK WEIGHS 50 TONS<\/td><\/tr><tr><td class=\"icyazi\" align=\"left\" height=\"25\">B\u0130RLE\u015e\u0130M \u0130ZOLASYON<\/td><td class=\"icyazi\" align=\"center\" height=\"25\">1<\/td><td class=\"icyazi\" align=\"left\" height=\"25\">50 m3 ASPHALT TANK<\/td><\/tr><tr><td class=\"icyazi\" align=\"left\" height=\"25\">KARAYOLLARI 16. B\u00d6LGE M\u00dcD\u00dcRL\u00dc\u011e\u00dc<\/td><td class=\"icyazi\" align=\"center\" height=\"25\">1<\/td><td class=\"icyazi\" align=\"left\" height=\"25\">ASPHALT PLANT OVERHAUL<\/td><\/tr><tr><td class=\"icyazi\" align=\"left\" height=\"25\">ASFAMAK \u0130THALAT<\/td><td class=\"icyazi\" align=\"center\" height=\"25\">1<\/td><td class=\"icyazi\" align=\"left\" height=\"25\">ASPHALT TANK INSULATION AND INSTALLATION CONSTRUCTION<\/td><\/tr><tr><td class=\"icyazi\" align=\"left\" height=\"25\">V\u0130MPO LTD. \u015eT\u0130.<\/td><td class=\"icyazi\" align=\"center\" height=\"25\">1<\/td><td class=\"icyazi\" align=\"left\" height=\"25\">50 m3 ASPHALT TANK<\/td><\/tr><tr><td class=\"icyazi\" align=\"left\" height=\"25\">BALIKES\u0130R G\u00d6NEN BELED\u0130YE BA\u015eKANLI\u011eI<\/td><td class=\"icyazi\" align=\"center\" height=\"25\">1<\/td><td class=\"icyazi\" align=\"left\" height=\"25\">CONSTRUCTION OF AN 80-TON DRYER (DRAYER)<\/td><\/tr><tr><td class=\"icyazi\" align=\"left\" height=\"25\">ISPARTA BELED\u0130YE BA\u015eKANLI\u011eI<\/td><td class=\"icyazi\" align=\"center\" height=\"25\">1<\/td><td class=\"icyazi\" align=\"left\" height=\"25\">CONSTRUCTION OF A 120-TON DRYER (DRAYER)<\/td><\/tr><tr><td class=\"icyazi\" align=\"left\" height=\"25\">\u00c7ORLU BELED\u0130YE BA\u015eKANLI\u011eI<\/td><td class=\"icyazi\" align=\"center\" height=\"25\">2<\/td><td class=\"icyazi\" align=\"left\" height=\"25\">THE CRUSHER<\/td><\/tr><tr><td class=\"icyazi\" align=\"left\" height=\"25\">\u00c7ORLU BELED\u0130YE BA\u015eKANLI\u011eI<\/td><td class=\"icyazi\" align=\"center\" height=\"25\">1<\/td><td class=\"icyazi\" align=\"left\" height=\"25\">ASPHALT DISTRIBUTOR<\/td><\/tr><tr><td class=\"icyazi\" align=\"left\" height=\"25\">\u00c7ORLU BELED\u0130YE BA\u015eKANLI\u011eI<\/td><td class=\"icyazi\" align=\"center\" height=\"25\">1<\/td><td class=\"icyazi\" align=\"left\" height=\"25\">CONSTRUCTION OF ASPHALT PLANT DRYER (DRAYER)<\/td><\/tr><tr><td class=\"icyazi\" align=\"left\" height=\"25\">KARAYOLLARI 10. B\u00d6LGE M\u00dcD\u00dcRL\u00dc\u011e\u00dc<\/td><td class=\"icyazi\" align=\"center\" height=\"25\">3<\/td><td class=\"icyazi\" align=\"left\" height=\"25\">1000,000 KCAL\/H HOT OIL BOILER<\/td><\/tr><tr><td class=\"icyazi\" align=\"left\" height=\"25\">KARAYOLLARI 10. B\u00d6LGE M\u00dcD\u00dcRL\u00dc\u011e\u00dc<\/td><td class=\"icyazi\" align=\"center\" height=\"25\">1<\/td><td class=\"icyazi\" align=\"left\" height=\"25\">1000 TON ASPHALT (BITUMEN) TANK<\/td><\/tr><tr><td class=\"icyazi\" align=\"left\" height=\"25\">KARAYOLLARI 10. B\u00d6LGE M\u00dcD\u00dcRL\u00dc\u011e\u00dc<\/td><td class=\"icyazi\" align=\"center\" height=\"25\">1<\/td><td class=\"icyazi\" align=\"left\" height=\"25\">500 TON ASPHALT (BITUMEN) TANK<\/td><\/tr><tr><td class=\"icyazi\" align=\"left\" height=\"25\">KARAYOLLARI 4. B\u00d6LGE M\u00dcD\u00dcRL\u00dc\u011e\u00dc<\/td><td class=\"icyazi\" align=\"center\" height=\"25\">1<\/td><td class=\"icyazi\" align=\"left\" height=\"25\">2000 TON ASPHALT (BITUMEN) TANK<\/td><\/tr><\/tbody><\/table><p align=\"justify\">\u00a0<\/p>\t\t\t\t\t\t<\/div>\n\t\t\t\t<\/div>\n\t\t            <\/div>\n        <\/div>\n                            <\/div>\n        <\/section>\n        \t\t\t\t<\/div>\n\t\t\t\t\t<\/div>\n\t\t","protected":false},"excerpt":{"rendered":"<p>BAYMAZ PETROL 1 120 TON ASPHALT PLANT ATLAHAN PETROL 1 500 TON ASPHALT TANK MU\u015e BELED\u0130YE BA\u015eKANLI\u011eI 1 ASPHALT PLANT AUTOMATION MU\u015e BELED\u0130YE BA\u015eKANLI\u011eI 1 CONSTRUCTION OF ASPHALT CONCRETE DESICCANT (DRAYER) KARAYOLLARI 16. B\u00d6LGE M\u00dcD\u00dcRL\u00dc\u011e\u00dc 1 ASPHALT PLANT DISASSEMBLY &#8211; ASSEMBLY WORK CONSTRUCTION KOMUT HAR\u0130TA M\u00dcHEND\u0130SL\u0130K 1 60 TON ASPHALT PLANT DRY TYPE FILTER CONSTRUCTION [&hellip;]<\/p>\n","protected":false},"author":1,"featured_media":0,"parent":0,"menu_order":0,"comment_status":"closed","ping_status":"closed","template":"","meta":[],"_links":{"self":[{"href":"https:\/\/www.elibolasfalt.com.tr\/EN\/index.php?rest_route=\/wp\/v2\/pages\/6664"}],"collection":[{"href":"https:\/\/www.elibolasfalt.com.tr\/EN\/index.php?rest_route=\/wp\/v2\/pages"}],"about":[{"href":"https:\/\/www.elibolasfalt.com.tr\/EN\/index.php?rest_route=\/wp\/v2\/types\/page"}],"author":[{"embeddable":true,"href":"https:\/\/www.elibolasfalt.com.tr\/EN\/index.php?rest_route=\/wp\/v2\/users\/1"}],"replies":[{"embeddable":true,"href":"https:\/\/www.elibolasfalt.com.tr\/EN\/index.php?rest_route=%2Fwp%2Fv2%2Fcomments&post=6664"}],"version-history":[{"count":8,"href":"https:\/\/www.elibolasfalt.com.tr\/EN\/index.php?rest_route=\/wp\/v2\/pages\/6664\/revisions"}],"predecessor-version":[{"id":6963,"href":"https:\/\/www.elibolasfalt.com.tr\/EN\/index.php?rest_route=\/wp\/v2\/pages\/6664\/revisions\/6963"}],"wp:attachment":[{"href":"https:\/\/www.elibolasfalt.com.tr\/EN\/index.php?rest_route=%2Fwp%2Fv2%2Fmedia&parent=6664"}],"curies":[{"name":"wp","href":"https:\/\/api.w.org\/{rel}","templated":true}]}}