{"id":6660,"date":"2022-01-03T14:31:04","date_gmt":"2022-01-03T11:31:04","guid":{"rendered":"https:\/\/alfadestek.com\/elibolmakina\/?page_id=6660"},"modified":"2022-01-13T13:33:22","modified_gmt":"2022-01-13T10:33:22","slug":"asfalt-tanki","status":"publish","type":"page","link":"https:\/\/www.elibolasfalt.com.tr\/EN\/?page_id=6660","title":{"rendered":"Asphalt Tank"},"content":{"rendered":"\t\t<div data-elementor-type=\"wp-page\" data-elementor-id=\"6660\" class=\"elementor elementor-6660\" data-elementor-settings=\"[]\">\n\t\t\t\t\t\t\t<div class=\"elementor-section-wrap\">\n\t\t\t\t\t        <section class=\"elementor-section elementor-top-section elementor-element elementor-element-b4630c7 elementor-section-boxed elementor-section-height-default elementor-section-height-default\" data-id=\"b4630c7\" data-element_type=\"section\">\n            \n                        <div class=\"elementor-container elementor-column-gap-default \">\n                    <div class=\"elementor-column elementor-col-100 elementor-top-column elementor-element elementor-element-a52a94c\" data-id=\"a52a94c\" data-element_type=\"column\">\n            <div class=\"elementor-widget-wrap elementor-element-populated\">\n                        \t\t<div class=\"elementor-element elementor-element-a141396 elementor-widget elementor-widget-image-gallery\" data-id=\"a141396\" data-element_type=\"widget\" data-widget_type=\"image-gallery.default\">\n\t\t\t\t<div class=\"elementor-widget-container\">\n\t\t\t\t\t<div class=\"elementor-image-gallery\">\n\t\t\t<div id='gallery-1' class='gallery galleryid-6660 gallery-columns-4 gallery-size-intime-medium'><figure class='gallery-item'>\n\t\t\t<div class='gallery-icon landscape'>\n\t\t\t\t<a data-elementor-open-lightbox=\"yes\" data-elementor-lightbox-slideshow=\"a141396\" data-elementor-lightbox-title=\"543e0dd8-943c-49e7-852e-2f1ca632174d temizlenecek+++\" href='https:\/\/www.elibolasfalt.com.tr\/EN\/wp-content\/uploads\/2022\/01\/543e0dd8-943c-49e7-852e-2f1ca632174d-temizlenecek-2.jpg'><img width=\"600\" height=\"450\" src=\"https:\/\/www.elibolasfalt.com.tr\/EN\/wp-content\/uploads\/2022\/01\/543e0dd8-943c-49e7-852e-2f1ca632174d-temizlenecek-2-600x450.jpg\" class=\"attachment-intime-medium size-intime-medium\" alt=\"\" decoding=\"async\" srcset=\"https:\/\/www.elibolasfalt.com.tr\/EN\/wp-content\/uploads\/2022\/01\/543e0dd8-943c-49e7-852e-2f1ca632174d-temizlenecek-2-600x450.jpg 600w, https:\/\/www.elibolasfalt.com.tr\/EN\/wp-content\/uploads\/2022\/01\/543e0dd8-943c-49e7-852e-2f1ca632174d-temizlenecek-2-300x225.jpg 300w, https:\/\/www.elibolasfalt.com.tr\/EN\/wp-content\/uploads\/2022\/01\/543e0dd8-943c-49e7-852e-2f1ca632174d-temizlenecek-2-768x576.jpg 768w, https:\/\/www.elibolasfalt.com.tr\/EN\/wp-content\/uploads\/2022\/01\/543e0dd8-943c-49e7-852e-2f1ca632174d-temizlenecek-2.jpg 1004w\" sizes=\"(max-width: 600px) 100vw, 600px\" \/><\/a>\n\t\t\t<\/div><\/figure><figure class='gallery-item'>\n\t\t\t<div class='gallery-icon landscape'>\n\t\t\t\t<a data-elementor-open-lightbox=\"yes\" data-elementor-lightbox-slideshow=\"a141396\" data-elementor-lightbox-title=\"a5f4599d-997e-4662-b0f1-38e594e06d0a temizlenecek+++\" href='https:\/\/www.elibolasfalt.com.tr\/EN\/wp-content\/uploads\/2022\/01\/a5f4599d-997e-4662-b0f1-38e594e06d0a-temizlenecek.jpg'><img width=\"600\" height=\"450\" src=\"https:\/\/www.elibolasfalt.com.tr\/EN\/wp-content\/uploads\/2022\/01\/a5f4599d-997e-4662-b0f1-38e594e06d0a-temizlenecek-600x450.jpg\" class=\"attachment-intime-medium size-intime-medium\" alt=\"\" decoding=\"async\" srcset=\"https:\/\/www.elibolasfalt.com.tr\/EN\/wp-content\/uploads\/2022\/01\/a5f4599d-997e-4662-b0f1-38e594e06d0a-temizlenecek-600x450.jpg 600w, https:\/\/www.elibolasfalt.com.tr\/EN\/wp-content\/uploads\/2022\/01\/a5f4599d-997e-4662-b0f1-38e594e06d0a-temizlenecek-300x225.jpg 300w, https:\/\/www.elibolasfalt.com.tr\/EN\/wp-content\/uploads\/2022\/01\/a5f4599d-997e-4662-b0f1-38e594e06d0a-temizlenecek-768x576.jpg 768w, https:\/\/www.elibolasfalt.com.tr\/EN\/wp-content\/uploads\/2022\/01\/a5f4599d-997e-4662-b0f1-38e594e06d0a-temizlenecek.jpg 1024w\" sizes=\"(max-width: 600px) 100vw, 600px\" \/><\/a>\n\t\t\t<\/div><\/figure><figure class='gallery-item'>\n\t\t\t<div class='gallery-icon landscape'>\n\t\t\t\t<a data-elementor-open-lightbox=\"yes\" data-elementor-lightbox-slideshow=\"a141396\" data-elementor-lightbox-title=\"b2284796-24da-4d51-96a5-c7c499b05284 \u015feffaf+++\" href='https:\/\/www.elibolasfalt.com.tr\/EN\/wp-content\/uploads\/2022\/01\/b2284796-24da-4d51-96a5-c7c499b05284-seffaf.png'><img width=\"600\" height=\"450\" src=\"https:\/\/www.elibolasfalt.com.tr\/EN\/wp-content\/uploads\/2022\/01\/b2284796-24da-4d51-96a5-c7c499b05284-seffaf-600x450.png\" class=\"attachment-intime-medium size-intime-medium\" alt=\"\" decoding=\"async\" srcset=\"https:\/\/www.elibolasfalt.com.tr\/EN\/wp-content\/uploads\/2022\/01\/b2284796-24da-4d51-96a5-c7c499b05284-seffaf-600x450.png 600w, https:\/\/www.elibolasfalt.com.tr\/EN\/wp-content\/uploads\/2022\/01\/b2284796-24da-4d51-96a5-c7c499b05284-seffaf-300x225.png 300w, https:\/\/www.elibolasfalt.com.tr\/EN\/wp-content\/uploads\/2022\/01\/b2284796-24da-4d51-96a5-c7c499b05284-seffaf-768x576.png 768w, https:\/\/www.elibolasfalt.com.tr\/EN\/wp-content\/uploads\/2022\/01\/b2284796-24da-4d51-96a5-c7c499b05284-seffaf.png 1024w\" sizes=\"(max-width: 600px) 100vw, 600px\" \/><\/a>\n\t\t\t<\/div><\/figure><figure class='gallery-item'>\n\t\t\t<div class='gallery-icon landscape'>\n\t\t\t\t<a data-elementor-open-lightbox=\"yes\" data-elementor-lightbox-slideshow=\"a141396\" data-elementor-lightbox-title=\"Ba\u015fl\u0131ks\u0131z_Panorama1a temizlik+++\" href='https:\/\/www.elibolasfalt.com.tr\/EN\/wp-content\/uploads\/2022\/01\/Basliksiz_Panorama1a-temizlik-1-scaled.jpg'><img width=\"600\" height=\"450\" src=\"https:\/\/www.elibolasfalt.com.tr\/EN\/wp-content\/uploads\/2022\/01\/Basliksiz_Panorama1a-temizlik-1-600x450.jpg\" class=\"attachment-intime-medium size-intime-medium\" alt=\"\" decoding=\"async\" \/><\/a>\n\t\t\t<\/div><\/figure><figure class='gallery-item'>\n\t\t\t<div class='gallery-icon landscape'>\n\t\t\t\t<a data-elementor-open-lightbox=\"yes\" data-elementor-lightbox-slideshow=\"a141396\" data-elementor-lightbox-title=\"CIMG1431 temizlik+++\" href='https:\/\/www.elibolasfalt.com.tr\/EN\/wp-content\/uploads\/2022\/01\/CIMG1431-temizlik-scaled.jpg'><img width=\"600\" height=\"450\" src=\"https:\/\/www.elibolasfalt.com.tr\/EN\/wp-content\/uploads\/2022\/01\/CIMG1431-temizlik-600x450.jpg\" class=\"attachment-intime-medium size-intime-medium\" alt=\"\" decoding=\"async\" \/><\/a>\n\t\t\t<\/div><\/figure><figure class='gallery-item'>\n\t\t\t<div class='gallery-icon landscape'>\n\t\t\t\t<a data-elementor-open-lightbox=\"yes\" data-elementor-lightbox-slideshow=\"a141396\" data-elementor-lightbox-title=\"IMG_5428 yaz\u0131lar\u0131 sil kadraj temizlik+++\" href='https:\/\/www.elibolasfalt.com.tr\/EN\/wp-content\/uploads\/2022\/01\/IMG_5428-yazilari-sil-kadraj-temizlik.jpg'><img width=\"600\" height=\"450\" src=\"https:\/\/www.elibolasfalt.com.tr\/EN\/wp-content\/uploads\/2022\/01\/IMG_5428-yazilari-sil-kadraj-temizlik-600x450.jpg\" class=\"attachment-intime-medium size-intime-medium\" alt=\"\" decoding=\"async\" \/><\/a>\n\t\t\t<\/div><\/figure><figure class='gallery-item'>\n\t\t\t<div class='gallery-icon landscape'>\n\t\t\t\t<a data-elementor-open-lightbox=\"yes\" data-elementor-lightbox-slideshow=\"a141396\" data-elementor-lightbox-title=\"QSUO6147 temizlenecek+++\" href='https:\/\/www.elibolasfalt.com.tr\/EN\/wp-content\/uploads\/2022\/01\/QSUO6147-temizlenecek.jpg'><img width=\"600\" height=\"450\" src=\"https:\/\/www.elibolasfalt.com.tr\/EN\/wp-content\/uploads\/2022\/01\/QSUO6147-temizlenecek-600x450.jpg\" class=\"attachment-intime-medium size-intime-medium\" alt=\"\" decoding=\"async\" srcset=\"https:\/\/www.elibolasfalt.com.tr\/EN\/wp-content\/uploads\/2022\/01\/QSUO6147-temizlenecek-600x450.jpg 600w, https:\/\/www.elibolasfalt.com.tr\/EN\/wp-content\/uploads\/2022\/01\/QSUO6147-temizlenecek-300x225.jpg 300w, https:\/\/www.elibolasfalt.com.tr\/EN\/wp-content\/uploads\/2022\/01\/QSUO6147-temizlenecek-768x576.jpg 768w, https:\/\/www.elibolasfalt.com.tr\/EN\/wp-content\/uploads\/2022\/01\/QSUO6147-temizlenecek.jpg 1024w\" sizes=\"(max-width: 600px) 100vw, 600px\" \/><\/a>\n\t\t\t<\/div><\/figure><figure class='gallery-item'>\n\t\t\t<div class='gallery-icon landscape'>\n\t\t\t\t<a data-elementor-open-lightbox=\"yes\" data-elementor-lightbox-slideshow=\"a141396\" data-elementor-lightbox-title=\"temizlik+++\" href='https:\/\/www.elibolasfalt.com.tr\/EN\/wp-content\/uploads\/2022\/01\/temizlik-1-scaled.jpg'><img width=\"600\" height=\"450\" src=\"https:\/\/www.elibolasfalt.com.tr\/EN\/wp-content\/uploads\/2022\/01\/temizlik-1-600x450.jpg\" class=\"attachment-intime-medium size-intime-medium\" alt=\"\" decoding=\"async\" \/><\/a>\n\t\t\t<\/div><\/figure>\n\t\t<\/div>\n\t\t<\/div>\n\t\t\t\t<\/div>\n\t\t\t\t<\/div>\n\t\t            <\/div>\n        <\/div>\n                            <\/div>\n        <\/section>\n        \t\t\t\t<\/div>\n\t\t\t\t\t<\/div>\n\t\t","protected":false},"excerpt":{"rendered":"","protected":false},"author":1,"featured_media":0,"parent":6647,"menu_order":0,"comment_status":"closed","ping_status":"closed","template":"","meta":[],"_links":{"self":[{"href":"https:\/\/www.elibolasfalt.com.tr\/EN\/index.php?rest_route=\/wp\/v2\/pages\/6660"}],"collection":[{"href":"https:\/\/www.elibolasfalt.com.tr\/EN\/index.php?rest_route=\/wp\/v2\/pages"}],"about":[{"href":"https:\/\/www.elibolasfalt.com.tr\/EN\/index.php?rest_route=\/wp\/v2\/types\/page"}],"author":[{"embeddable":true,"href":"https:\/\/www.elibolasfalt.com.tr\/EN\/index.php?rest_route=\/wp\/v2\/users\/1"}],"replies":[{"embeddable":true,"href":"https:\/\/www.elibolasfalt.com.tr\/EN\/index.php?rest_route=%2Fwp%2Fv2%2Fcomments&post=6660"}],"version-history":[{"count":5,"href":"https:\/\/www.elibolasfalt.com.tr\/EN\/index.php?rest_route=\/wp\/v2\/pages\/6660\/revisions"}],"predecessor-version":[{"id":6938,"href":"https:\/\/www.elibolasfalt.com.tr\/EN\/index.php?rest_route=\/wp\/v2\/pages\/6660\/revisions\/6938"}],"up":[{"embeddable":true,"href":"https:\/\/www.elibolasfalt.com.tr\/EN\/index.php?rest_route=\/wp\/v2\/pages\/6647"}],"wp:attachment":[{"href":"https:\/\/www.elibolasfalt.com.tr\/EN\/index.php?rest_route=%2Fwp%2Fv2%2Fmedia&parent=6660"}],"curies":[{"name":"wp","href":"https:\/\/api.w.org\/{rel}","templated":true}]}}