{"id":6659,"date":"2022-01-03T14:31:01","date_gmt":"2022-01-03T11:31:01","guid":{"rendered":"https:\/\/alfadestek.com\/elibolmakina\/?page_id=6659"},"modified":"2022-01-13T13:33:00","modified_gmt":"2022-01-13T10:33:00","slug":"asfalt-plenti","status":"publish","type":"page","link":"https:\/\/www.elibolasfalt.com.tr\/EN\/?page_id=6659","title":{"rendered":"Asphalt Plant"},"content":{"rendered":"\t\t<div data-elementor-type=\"wp-page\" data-elementor-id=\"6659\" class=\"elementor elementor-6659\" data-elementor-settings=\"[]\">\n\t\t\t\t\t\t\t<div class=\"elementor-section-wrap\">\n\t\t\t\t\t        <section class=\"elementor-section elementor-top-section elementor-element elementor-element-d8505ef elementor-section-boxed elementor-section-height-default elementor-section-height-default\" data-id=\"d8505ef\" data-element_type=\"section\">\n            \n                        <div class=\"elementor-container elementor-column-gap-default \">\n                    <div class=\"elementor-column elementor-col-100 elementor-top-column elementor-element elementor-element-8ad36c9\" data-id=\"8ad36c9\" data-element_type=\"column\">\n            <div class=\"elementor-widget-wrap elementor-element-populated\">\n                        \t\t<div class=\"elementor-element elementor-element-f5afeb4 elementor-widget elementor-widget-image-gallery\" data-id=\"f5afeb4\" data-element_type=\"widget\" data-widget_type=\"image-gallery.default\">\n\t\t\t\t<div class=\"elementor-widget-container\">\n\t\t\t\t\t<div class=\"elementor-image-gallery\">\n\t\t\t<div id='gallery-1' class='gallery galleryid-6659 gallery-columns-4 gallery-size-intime-medium'><figure class='gallery-item'>\n\t\t\t<div class='gallery-icon landscape'>\n\t\t\t\t<a data-elementor-open-lightbox=\"yes\" data-elementor-lightbox-slideshow=\"f5afeb4\" data-elementor-lightbox-title=\"a71c3c93-7e50-45ee-a69e-db8c3b2a9363 temizlik+++\" href='https:\/\/www.elibolasfalt.com.tr\/EN\/wp-content\/uploads\/2022\/01\/a71c3c93-7e50-45ee-a69e-db8c3b2a9363-temizlik.jpg'><img width=\"600\" height=\"450\" src=\"https:\/\/www.elibolasfalt.com.tr\/EN\/wp-content\/uploads\/2022\/01\/a71c3c93-7e50-45ee-a69e-db8c3b2a9363-temizlik-600x450.jpg\" class=\"attachment-intime-medium size-intime-medium\" alt=\"\" decoding=\"async\" srcset=\"https:\/\/www.elibolasfalt.com.tr\/EN\/wp-content\/uploads\/2022\/01\/a71c3c93-7e50-45ee-a69e-db8c3b2a9363-temizlik-600x450.jpg 600w, https:\/\/www.elibolasfalt.com.tr\/EN\/wp-content\/uploads\/2022\/01\/a71c3c93-7e50-45ee-a69e-db8c3b2a9363-temizlik-300x225.jpg 300w, https:\/\/www.elibolasfalt.com.tr\/EN\/wp-content\/uploads\/2022\/01\/a71c3c93-7e50-45ee-a69e-db8c3b2a9363-temizlik-768x576.jpg 768w, https:\/\/www.elibolasfalt.com.tr\/EN\/wp-content\/uploads\/2022\/01\/a71c3c93-7e50-45ee-a69e-db8c3b2a9363-temizlik.jpg 1010w\" sizes=\"(max-width: 600px) 100vw, 600px\" \/><\/a>\n\t\t\t<\/div><\/figure><figure class='gallery-item'>\n\t\t\t<div class='gallery-icon landscape'>\n\t\t\t\t<a data-elementor-open-lightbox=\"yes\" data-elementor-lightbox-slideshow=\"f5afeb4\" data-elementor-lightbox-title=\"Ba\u015fl\u0131ks\u0131z_Panorama1a temizlik+++\" href='https:\/\/www.elibolasfalt.com.tr\/EN\/wp-content\/uploads\/2022\/01\/Basliksiz_Panorama1a-temizlik-scaled.jpg'><img width=\"600\" height=\"450\" src=\"https:\/\/www.elibolasfalt.com.tr\/EN\/wp-content\/uploads\/2022\/01\/Basliksiz_Panorama1a-temizlik-600x450.jpg\" class=\"attachment-intime-medium size-intime-medium\" alt=\"\" decoding=\"async\" \/><\/a>\n\t\t\t<\/div><\/figure><figure class='gallery-item'>\n\t\t\t<div class='gallery-icon landscape'>\n\t\t\t\t<a data-elementor-open-lightbox=\"yes\" data-elementor-lightbox-slideshow=\"f5afeb4\" data-elementor-lightbox-title=\"CIMG2914 renk temizlik+++\" href='https:\/\/www.elibolasfalt.com.tr\/EN\/wp-content\/uploads\/2022\/01\/CIMG2914-renk-temizlik-scaled.jpg'><img width=\"600\" height=\"450\" src=\"https:\/\/www.elibolasfalt.com.tr\/EN\/wp-content\/uploads\/2022\/01\/CIMG2914-renk-temizlik-600x450.jpg\" class=\"attachment-intime-medium size-intime-medium\" alt=\"\" decoding=\"async\" \/><\/a>\n\t\t\t<\/div><\/figure><figure class='gallery-item'>\n\t\t\t<div class='gallery-icon landscape'>\n\t\t\t\t<a data-elementor-open-lightbox=\"yes\" data-elementor-lightbox-slideshow=\"f5afeb4\" data-elementor-lightbox-title=\"da5c0ac2-c067-4ba0-b5d2-4b600b99b7d2 temizlik renk+++\" href='https:\/\/www.elibolasfalt.com.tr\/EN\/wp-content\/uploads\/2022\/01\/da5c0ac2-c067-4ba0-b5d2-4b600b99b7d2-temizlik-renk-1.jpg'><img width=\"600\" height=\"450\" src=\"https:\/\/www.elibolasfalt.com.tr\/EN\/wp-content\/uploads\/2022\/01\/da5c0ac2-c067-4ba0-b5d2-4b600b99b7d2-temizlik-renk-1-600x450.jpg\" class=\"attachment-intime-medium size-intime-medium\" alt=\"\" decoding=\"async\" \/><\/a>\n\t\t\t<\/div><\/figure><figure class='gallery-item'>\n\t\t\t<div class='gallery-icon landscape'>\n\t\t\t\t<a data-elementor-open-lightbox=\"yes\" data-elementor-lightbox-slideshow=\"f5afeb4\" data-elementor-lightbox-title=\"DSC_0201temizlenecek+++\" href='https:\/\/www.elibolasfalt.com.tr\/EN\/wp-content\/uploads\/2022\/01\/DSC_0201temizlenecek-scaled.jpg'><img width=\"600\" height=\"450\" src=\"https:\/\/www.elibolasfalt.com.tr\/EN\/wp-content\/uploads\/2022\/01\/DSC_0201temizlenecek-600x450.jpg\" class=\"attachment-intime-medium size-intime-medium\" alt=\"\" decoding=\"async\" \/><\/a>\n\t\t\t<\/div><\/figure><figure class='gallery-item'>\n\t\t\t<div class='gallery-icon landscape'>\n\t\t\t\t<a data-elementor-open-lightbox=\"yes\" data-elementor-lightbox-slideshow=\"f5afeb4\" data-elementor-lightbox-title=\"f4c34272-5dac-41d9-9019-cf9e66144ce6 kadraj temizlik+++\" href='https:\/\/www.elibolasfalt.com.tr\/EN\/wp-content\/uploads\/2022\/01\/f4c34272-5dac-41d9-9019-cf9e66144ce6-kadraj-temizlik.jpg'><img width=\"600\" height=\"450\" src=\"https:\/\/www.elibolasfalt.com.tr\/EN\/wp-content\/uploads\/2022\/01\/f4c34272-5dac-41d9-9019-cf9e66144ce6-kadraj-temizlik-600x450.jpg\" class=\"attachment-intime-medium size-intime-medium\" alt=\"\" decoding=\"async\" srcset=\"https:\/\/www.elibolasfalt.com.tr\/EN\/wp-content\/uploads\/2022\/01\/f4c34272-5dac-41d9-9019-cf9e66144ce6-kadraj-temizlik-600x450.jpg 600w, https:\/\/www.elibolasfalt.com.tr\/EN\/wp-content\/uploads\/2022\/01\/f4c34272-5dac-41d9-9019-cf9e66144ce6-kadraj-temizlik-300x225.jpg 300w, https:\/\/www.elibolasfalt.com.tr\/EN\/wp-content\/uploads\/2022\/01\/f4c34272-5dac-41d9-9019-cf9e66144ce6-kadraj-temizlik-768x576.jpg 768w, https:\/\/www.elibolasfalt.com.tr\/EN\/wp-content\/uploads\/2022\/01\/f4c34272-5dac-41d9-9019-cf9e66144ce6-kadraj-temizlik.jpg 1007w\" sizes=\"(max-width: 600px) 100vw, 600px\" \/><\/a>\n\t\t\t<\/div><\/figure><figure class='gallery-item'>\n\t\t\t<div class='gallery-icon landscape'>\n\t\t\t\t<a data-elementor-open-lightbox=\"yes\" data-elementor-lightbox-slideshow=\"f5afeb4\" data-elementor-lightbox-title=\"IMG-20181106-WA0009 renk temizlik+++\" href='https:\/\/www.elibolasfalt.com.tr\/EN\/wp-content\/uploads\/2022\/01\/IMG-20181106-WA0009-renk-temizlik.jpg'><img width=\"600\" height=\"450\" src=\"https:\/\/www.elibolasfalt.com.tr\/EN\/wp-content\/uploads\/2022\/01\/IMG-20181106-WA0009-renk-temizlik-600x450.jpg\" class=\"attachment-intime-medium size-intime-medium\" alt=\"\" decoding=\"async\" srcset=\"https:\/\/www.elibolasfalt.com.tr\/EN\/wp-content\/uploads\/2022\/01\/IMG-20181106-WA0009-renk-temizlik-600x450.jpg 600w, https:\/\/www.elibolasfalt.com.tr\/EN\/wp-content\/uploads\/2022\/01\/IMG-20181106-WA0009-renk-temizlik-300x225.jpg 300w, https:\/\/www.elibolasfalt.com.tr\/EN\/wp-content\/uploads\/2022\/01\/IMG-20181106-WA0009-renk-temizlik-768x576.jpg 768w, https:\/\/www.elibolasfalt.com.tr\/EN\/wp-content\/uploads\/2022\/01\/IMG-20181106-WA0009-renk-temizlik.jpg 971w\" sizes=\"(max-width: 600px) 100vw, 600px\" \/><\/a>\n\t\t\t<\/div><\/figure><figure class='gallery-item'>\n\t\t\t<div class='gallery-icon landscape'>\n\t\t\t\t<a data-elementor-open-lightbox=\"yes\" data-elementor-lightbox-slideshow=\"f5afeb4\" data-elementor-lightbox-title=\"6a9cd368-c18f-4c64-b915-622d185b047e renk temizlik+++\" href='https:\/\/www.elibolasfalt.com.tr\/EN\/wp-content\/uploads\/2022\/01\/6a9cd368-c18f-4c64-b915-622d185b047e-renk-temizlik-1.jpg'><img width=\"600\" height=\"450\" src=\"https:\/\/www.elibolasfalt.com.tr\/EN\/wp-content\/uploads\/2022\/01\/6a9cd368-c18f-4c64-b915-622d185b047e-renk-temizlik-1-600x450.jpg\" class=\"attachment-intime-medium size-intime-medium\" alt=\"\" decoding=\"async\" srcset=\"https:\/\/www.elibolasfalt.com.tr\/EN\/wp-content\/uploads\/2022\/01\/6a9cd368-c18f-4c64-b915-622d185b047e-renk-temizlik-1-600x450.jpg 600w, https:\/\/www.elibolasfalt.com.tr\/EN\/wp-content\/uploads\/2022\/01\/6a9cd368-c18f-4c64-b915-622d185b047e-renk-temizlik-1-300x225.jpg 300w, https:\/\/www.elibolasfalt.com.tr\/EN\/wp-content\/uploads\/2022\/01\/6a9cd368-c18f-4c64-b915-622d185b047e-renk-temizlik-1-768x576.jpg 768w, https:\/\/www.elibolasfalt.com.tr\/EN\/wp-content\/uploads\/2022\/01\/6a9cd368-c18f-4c64-b915-622d185b047e-renk-temizlik-1.jpg 1024w\" sizes=\"(max-width: 600px) 100vw, 600px\" \/><\/a>\n\t\t\t<\/div><\/figure>\n\t\t<\/div>\n\t\t<\/div>\n\t\t\t\t<\/div>\n\t\t\t\t<\/div>\n\t\t            <\/div>\n        <\/div>\n                            <\/div>\n        <\/section>\n        \t\t\t\t<\/div>\n\t\t\t\t\t<\/div>\n\t\t","protected":false},"excerpt":{"rendered":"","protected":false},"author":1,"featured_media":0,"parent":6647,"menu_order":0,"comment_status":"closed","ping_status":"closed","template":"","meta":[],"_links":{"self":[{"href":"https:\/\/www.elibolasfalt.com.tr\/EN\/index.php?rest_route=\/wp\/v2\/pages\/6659"}],"collection":[{"href":"https:\/\/www.elibolasfalt.com.tr\/EN\/index.php?rest_route=\/wp\/v2\/pages"}],"about":[{"href":"https:\/\/www.elibolasfalt.com.tr\/EN\/index.php?rest_route=\/wp\/v2\/types\/page"}],"author":[{"embeddable":true,"href":"https:\/\/www.elibolasfalt.com.tr\/EN\/index.php?rest_route=\/wp\/v2\/users\/1"}],"replies":[{"embeddable":true,"href":"https:\/\/www.elibolasfalt.com.tr\/EN\/index.php?rest_route=%2Fwp%2Fv2%2Fcomments&post=6659"}],"version-history":[{"count":8,"href":"https:\/\/www.elibolasfalt.com.tr\/EN\/index.php?rest_route=\/wp\/v2\/pages\/6659\/revisions"}],"predecessor-version":[{"id":6936,"href":"https:\/\/www.elibolasfalt.com.tr\/EN\/index.php?rest_route=\/wp\/v2\/pages\/6659\/revisions\/6936"}],"up":[{"embeddable":true,"href":"https:\/\/www.elibolasfalt.com.tr\/EN\/index.php?rest_route=\/wp\/v2\/pages\/6647"}],"wp:attachment":[{"href":"https:\/\/www.elibolasfalt.com.tr\/EN\/index.php?rest_route=%2Fwp%2Fv2%2Fmedia&parent=6659"}],"curies":[{"name":"wp","href":"https:\/\/api.w.org\/{rel}","templated":true}]}}